{"id":13,"date":"2015-02-05T10:20:33","date_gmt":"2015-02-05T09:20:33","guid":{"rendered":"http:\/\/demo.wpcharming.com\/construction\/?page_id=13"},"modified":"2021-11-15T17:45:54","modified_gmt":"2021-11-15T16:45:54","slug":"asfalto-stampato","status":"publish","type":"page","link":"https:\/\/imprexa.net\/it\/","title":{"rendered":"Home"},"content":{"rendered":"<div class=\"wpb-content-wrapper\"><p>[vc_row row_type=&#8221;row_fullwidth_content&#8221; bg_image=&#8221;973&#8243; bg_position=&#8221;center top&#8221; row_video_bg=&#8221;use_video&#8221; bg_video_mp4=&#8221;https:\/\/imprexa.net\/wp-content\/uploads\/2020\/04\/Imprexa-1.mp4&#8243; bg_video_ogv=&#8221;https:\/\/imprexa.net\/wp-content\/uploads\/2020\/04\/Imprexa.ogv&#8221; bg_video_webm=&#8221;https:\/\/imprexa.net\/wp-content\/uploads\/2020\/04\/Imprexa-1.webm&#8221; margin_top=&#8221;-80&#8243; padding_top=&#8221;-90&#8243;][vc_column css=&#8221;.vc_custom_1586078775731{margin-top: 120px !important;margin-bottom: 180px !important;}&#8221;][vc_column_text]<\/p>\n<h1 style=\"text-align: center;\"><span style=\"color: #f2f2f2;\">&nbsp;<\/span><\/h1>\n<h1 style=\"text-align: center;\"><span style=\"color: #f2f2f2;\">IMPREXA<\/span><br \/>\n<span style=\"color: #f2f2f2;\">ASFALTO STAMPATO<\/span><\/h1>\n<h2 style=\"text-align: center;\"><span style=\"color: #f2f2f2;\">MAKES ASPHALT DIFFERENT<\/span><\/h2>\n<p>&nbsp;<\/p>\n<p>&nbsp;<\/p>\n<p>[\/vc_column_text][\/vc_column][\/vc_row][vc_row margin_top=&#8221;-240&#8243; padding_left=&#8221;30&#8243; padding_right=&#8221;30&#8243;][vc_column width=&#8221;1\/3&#8243; css=&#8221;.vc_custom_1589298190301{margin-top: -50px !important;margin-bottom: 70px !important;background-color: #f2f2f2 !important;}&#8221;][vc_single_image image=&#8221;9412&#8243; img_size=&#8221;200&#215;200&#8243; alignment=&#8221;center&#8221;][vc_column_text css=&#8221;.vc_custom_1589212028594{margin-top: -50px !important;}&#8221;]<\/p>\n<h3 style=\"text-align: center;\"><strong>ASFALTO STAMPATO<\/strong><\/h3>\n<h5 style=\"text-align: center;\">DARE FORMA ALL&#8217;ASFALTO<\/h5>\n<p>[\/vc_column_text][vc_single_image image=&#8221;3141&#8243; img_size=&#8221;full&#8221; onclick=&#8221;custom_link&#8221; link=&#8221;https:\/\/imprexa.net\/it\/about-us\/asfalto-stampato\/&#8221;][vc_button title=&#8221;STAMPA&#8221; color=&#8221;primary&#8221; position=&#8221;center&#8221; margin_bottom=&#8221;20&#8243; link=&#8221;url:https%3A%2F%2Fimprexa.net%2Fit%2Fabout-us%2Fasfalto-stampato%2F|||&#8221;][\/vc_column][vc_column width=&#8221;1\/3&#8243; css=&#8221;.vc_custom_1589298198946{margin-top: -50px !important;margin-bottom: 70px !important;background-color: #f2f2f2 !important;}&#8221;][vc_single_image image=&#8221;9408&#8243; img_size=&#8221;200&#215;200&#8243; alignment=&#8221;center&#8221;][vc_column_text css=&#8221;.vc_custom_1589212035475{margin-top: -50px !important;}&#8221;]<\/p>\n<h3 style=\"text-align: center;\"><strong>ASFALTO&nbsp;RESINATO<\/strong><\/h3>\n<h5 style=\"text-align: center;\">INFINITA GAMMA DI COLORI<\/h5>\n<p>[\/vc_column_text][vc_single_image image=&#8221;9289&#8243; img_size=&#8221;full&#8221; onclick=&#8221;custom_link&#8221; link=&#8221; https:\/\/imprexa.net\/it\/about-us\/resinatura-asfalto\/&#8221; css=&#8221;.vc_custom_1588274427732{background-position: center !important;background-repeat: no-repeat !important;background-size: cover !important;}&#8221;][vc_button title=&#8221;RESINATURA&#8221; color=&#8221;primary&#8221; position=&#8221;center&#8221; margin_bottom=&#8221;20&#8243; link=&#8221;url:https%3A%2F%2Fimprexa.net%2Fit%2Fabout-us%2Fresinatura-asfalto%2F|||&#8221;][\/vc_column][vc_column width=&#8221;1\/3&#8243; css=&#8221;.vc_custom_1589298205978{margin-top: -50px !important;margin-bottom: 70px !important;background-color: #f2f2f2 !important;}&#8221;][vc_single_image image=&#8221;9414&#8243; img_size=&#8221;200&#215;200&#8243; alignment=&#8221;center&#8221;][vc_column_text css=&#8221;.vc_custom_1589297037389{margin-top: -50px !important;}&#8221;]<\/p>\n<h3 style=\"text-align: center;\"><strong>TERMOPLASTICO PREFORMATO<\/strong><\/h3>\n<h5 style=\"text-align: center;\">MASSIMA PERSONALIZZAZIONE<\/h5>\n<p>[\/vc_column_text][vc_single_image image=&#8221;8971&#8243; img_size=&#8221;full&#8221; onclick=&#8221;custom_link&#8221; link=&#8221; https:\/\/imprexa.net\/it\/about-us\/personalizzazione\/&#8221;][vc_button title=&#8221;PERSONALIZZAZIONE&#8221; color=&#8221;primary&#8221; position=&#8221;center&#8221; margin_bottom=&#8221;20&#8243; link=&#8221;url:https%3A%2F%2Fimprexa.net%2Fit%2Fabout-us%2Fpersonalizzazione%2F|||&#8221;][\/vc_column][\/vc_row][vc_row row_type=&#8221;row_full_center_content&#8221; bg_color=&#8221;#f8f9f9&#8243; padding_bottom=&#8221;40&#8243;][vc_column]\n\t<div class=\"custom-heading wpb_content_element  text-center\">\n\t\t<h2 class=\"heading-title\"  style=\"color: #444444;\">Il nostro Showreel<\/h2>\n\t\t<span class=\"heading-line \"style=\"background-color: #444444\"><\/span>\n\t<\/div>[vc_raw_html el_class=&#8221;video-home-blocco&#8221;]JTNDaWZyYW1lJTIwc3JjJTNEJTIyaHR0cHMlM0ElMkYlMkZwbGF5ZXIudmltZW8uY29tJTJGdmlkZW8lMkYxODA3MDQwNzglM0ZhdXRvcGxheSUzRDElMjZjb2xvciUzRGZlY2MwMSUyNnRpdGxlJTNEMCUyNmJ5bGluZSUzRDAlMjZwb3J0cmFpdCUzRDAlMjIlMjB3aWR0aCUzRCUyMjY0MCUyMiUyMGhlaWdodCUzRCUyMjM2MCUyMiUyMGZyYW1lYm9yZGVyJTNEJTIyMCUyMiUyMGFsbG93JTNEJTIyYXV0b3BsYXklM0IlMjBmdWxsc2NyZWVuJTIyJTIwYWxsb3dmdWxsc2NyZWVuJTNFJTNDJTJGaWZyYW1lJTNF[\/vc_raw_html][\/vc_column][\/vc_row][vc_row bg_image=&#8221;971&#8243; padding_top=&#8221;120&#8243; padding_bottom=&#8221;100&#8243;][vc_column css=&#8221;.vc_custom_1589214960399{margin-bottom: -150px !important;}&#8221;][vc_column_text]<\/p>\n<h1 class=\"large-heading-inverted\" style=\"text-align: center;\"><strong>I NOSTRI PRODOTTI <\/strong><\/h1>\n<h1 class=\"large-heading-inverted\" style=\"text-align: center;\"><strong>PER LA PERSONALIZZAZIONE DELL&#8217;ASFALTO<\/strong><\/h1>\n<p>[\/vc_column_text][\/vc_column][\/vc_row][vc_row bg_image=&#8221;971&#8243; padding_top=&#8221;120&#8243; padding_bottom=&#8221;100&#8243;][vc_column width=&#8221;1\/3&#8243; css=&#8221;.vc_custom_1589299582116{margin-top: -50px !important;margin-left: 30px !important;}&#8221;][vc_single_image image=&#8221;9418&#8243; img_size=&#8221;300&#215;300&#8243;][vc_column_text css=&#8221;.vc_custom_1589214865348{margin-top: -40px !important;margin-left: 30px !important;}&#8221;]<span style=\"color: #ebebeb;\">Prodotti ed attrezzature<br \/>\nper Asfalto Stampato.<br \/>\nThe italian experience<br \/>\nof stamped asphalt tools<\/span>[\/vc_column_text][vc_button title=&#8221;SCOPRI DI PI\u00d9&#8221; color=&#8221;ghost&#8221; margin_left=&#8221;30&#8243; target=&#8221;&#8221; link=&#8221;url:https%3A%2F%2Fimprexa.net%2Fit%2Fabout-us%2Fasfalto-stampato%2F|||&#8221;][\/vc_column][vc_column width=&#8221;1\/3&#8243; css=&#8221;.vc_custom_1589299589328{margin-top: -50px !important;margin-bottom: 40px !important;margin-left: 30px !important;}&#8221;][vc_single_image image=&#8221;9416&#8243; img_size=&#8221;300&#215;300&#8243;][vc_column_text css=&#8221;.vc_custom_1589214873724{margin-top: -40px !important;margin-left: 30px !important;}&#8221;]<span style=\"color: #ebebeb;\">Resine acriliche modificate<br \/>\nin base epossidica per superfici<br \/>\nin conglomerato bituminoso<br \/>\nad elevata percorrenza di traffico.<\/span>[\/vc_column_text][vc_button title=&#8221;SCOPRI DI PI\u00d9&#8221; color=&#8221;ghost&#8221; margin_left=&#8221;30&#8243; target=&#8221;&#8221; link=&#8221;url:https%3A%2F%2Fimprexa.net%2Fit%2Fresine-asphaltcoat%2F|||&#8221;][\/vc_column][vc_column width=&#8221;1\/3&#8243; css=&#8221;.vc_custom_1589299601054{margin-top: -50px !important;margin-left: 30px !important;}&#8221;][vc_single_image image=&#8221;9420&#8243; img_size=&#8221;300&#215;300&#8243;][vc_column_text css=&#8221;.vc_custom_1589214880235{margin-top: -40px !important;margin-left: 30px !important;}&#8221;]<span style=\"color: #ebebeb;\">Termoplastico preformato<br \/>\nper segnaletica stradale<br \/>\nad elevata durabilit\u00e0,<br \/>\nloghi personalizzati e giochi per bambini.<\/span>[\/vc_column_text][vc_button title=&#8221;SCOPRI DI PI\u00d9&#8221; color=&#8221;ghost&#8221; margin_left=&#8221;30&#8243; target=&#8221;&#8221; link=&#8221;url:https%3A%2F%2Fimprexa.net%2Fit%2Ftermoplastico-termotop%2F|||&#8221;][\/vc_column][\/vc_row][vc_row row_type=&#8221;row_full_center_content&#8221; row_meta_color=&#8221;false&#8221; padding_top=&#8221;50&#8243; padding_bottom=&#8221;30&#8243;][vc_column]\n\t<div class=\"custom-heading wpb_content_element \">\n\t\t<h2 class=\"heading-title\" >News<\/h2>\n\t\t<span class=\"heading-line primary\"><\/span>\n\t<\/div>\n\t<div class=\"child-page-wrapper recent-news-wrapper \">\n\t\t\t\t\t<script type=\"text\/javascript\">\n\t\t\t\t\t\tjQuery(document).ready(function(){\n\t\t\t\t\t\t\t\"use strict\";\n\t\t\t\t\t\t\tjQuery(\".recent-news-carousel-6a079742241a4\").slick({\n\t\t\t\t\t\t\t\trtl: false,\n\t\t\t\t\t\t\t\tslidesToShow: 3,\n\t\t\t\t\t\t\t\tautoplay: false ,\n\t\t                        autoplaySpeed: 3000 ,\n\t\t                        speed: 300 ,\n\t\t\t\t\t\t\t\tslidesToScroll: 1,\n\t\t\t\t\t\t\t\tdraggable: false,\n\t\t\t\t\t\t\t\tprevArrow: \"<span class='carousel-prev'><i class='fa fa-angle-left'><\/i><\/span>\",\n\t\t        \t\t\t\tnextArrow: \"<span class='carousel-next'><i class='fa fa-angle-right'><\/i><\/span>\",\n\t\t        \t\t\t\tresponsive: [{\n\t\t\t\t\t\t\t\t    breakpoint: 1024,\n\t\t\t\t\t\t\t\t    settings: {\n\t\t\t\t\t\t\t\t    slidesToShow: 3\n\t\t\t\t\t\t\t\t    }\n\t\t\t\t\t\t\t\t},\n\t\t\t\t\t\t\t\t{\n\t\t\t\t\t\t\t\t    breakpoint: 600,\n\t\t\t\t\t\t\t\t    settings: {\n\t\t\t\t\t\t\t\t    slidesToShow: 2\n\t\t\t\t\t\t\t\t    }\n\t\t\t\t\t\t\t\t},\n\t\t\t\t\t\t\t\t{\n\t\t\t\t\t\t\t\t    breakpoint: 480,\n\t\t\t\t\t\t\t\t    settings: {\n\t\t\t\t\t\t\t\t    slidesToShow: 1\n\t\t\t\t\t\t\t\t    }\n\t\t\t\t\t\t\t\t}]\n\t\t\t\t\t\t\t});\n\t\t\t\t\t\t});\n\t\t\t\t\t<\/script>\n\t\t\t\t<div class=\"grid-wrapper grid-3-columns grid-row recent-news-carousel-6a079742241a4\">\n\t\t\t\t\t<div class=\"grid-item grid-sm-6 grid-md-4\">\n\t\t\t\t\t\t<div class=\"grid-thumbnail\">\n\t\t\t\t\t\t\t<a href=\"https:\/\/imprexa.net\/it\/imprexa-specialist-uk\/\" title=\"Imprexa Specialist in UK: vi presentiamo JEWELL CONTRACTORS LTD\"><img fetchpriority=\"high\" decoding=\"async\" width=\"600\" height=\"300\" src=\"https:\/\/imprexa.net\/wp-content\/uploads\/2017\/04\/IMPREXA-SPECIALIST-600x300.png\" class=\"attachment-medium-thumb size-medium-thumb wp-post-image\" alt=\"JEWELL CONTRACTORS LTD\" srcset=\"https:\/\/imprexa.net\/wp-content\/uploads\/2017\/04\/IMPREXA-SPECIALIST-600x300.png 600w, https:\/\/imprexa.net\/wp-content\/uploads\/2017\/04\/IMPREXA-SPECIALIST-400x200.png 400w, https:\/\/imprexa.net\/wp-content\/uploads\/2017\/04\/IMPREXA-SPECIALIST-800x400.png 800w\" sizes=\"(max-width: 600px) 100vw, 600px\" \/><\/a>\n\t\t\t\t\t\t<\/div>\n\t\t\t\t\t\t<h4 class=\"grid-title\"><a href=\"https:\/\/imprexa.net\/it\/imprexa-specialist-uk\/\" rel=\"bookmark\">Imprexa Specialist in UK: vi presentiamo JEWELL CONTRACTORS LTD<\/a><\/h4>\n\n\t\t\t\t\t\t<div class=\"recent-news-meta\">\n\t\t\t\t\t\t\t<span class=\"post-date\"><i class=\"fa fa-file-text-o\"><\/i> <time class=\"entry-date published updated\" datetime=\"2023-10-15T10:02:54+02:00\">15 Ottobre 2023<\/time><\/span>\n\t\t\t\t\t\t\t<span class=\"comments-link\"><i class=\"fa fa-comments-o\"><\/i> Comments off.<\/span>\n\t\t\t\t\t\t<\/div>\n\n\t\t\t\t\t\t<p>[vc_row][vc_column][vc_column_text]&nbsp; JEWELL CONTRACTORS LTD \u00e8 un\u2019impresa di Bridgend, una cittadina del sud del Galles nella contea di Glamorgan. Chriss Jewell era ...<\/p>\n\n\t\t\t\t\t\t<a class=\"btn btn-light btn-small\" href=\"https:\/\/imprexa.net\/it\/imprexa-specialist-uk\/\" title=\"Imprexa Specialist in UK: vi presentiamo JEWELL CONTRACTORS LTD\">LEGGI<\/a>\n\n\t\t\t\t\t<\/div>\n\t\t\t\t\t\n\t\t\t\t\t<div class=\"grid-item grid-sm-6 grid-md-4\">\n\t\t\t\t\t\t<div class=\"grid-thumbnail\">\n\t\t\t\t\t\t\t<a href=\"https:\/\/imprexa.net\/it\/imprexa-sara-presente-a-intertraffic\/\" title=\"Imprexa sar\u00e0 presente a Intertraffic\"><img decoding=\"async\" width=\"600\" height=\"300\" src=\"https:\/\/imprexa.net\/wp-content\/uploads\/2022\/03\/img_8807-600x300.png\" class=\"attachment-medium-thumb size-medium-thumb wp-post-image\" alt=\"\" srcset=\"https:\/\/imprexa.net\/wp-content\/uploads\/2022\/03\/img_8807-600x300.png 600w, https:\/\/imprexa.net\/wp-content\/uploads\/2022\/03\/img_8807-400x200.png 400w, https:\/\/imprexa.net\/wp-content\/uploads\/2022\/03\/img_8807-800x400.png 800w\" sizes=\"(max-width: 600px) 100vw, 600px\" \/><\/a>\n\t\t\t\t\t\t<\/div>\n\t\t\t\t\t\t<h4 class=\"grid-title\"><a href=\"https:\/\/imprexa.net\/it\/imprexa-sara-presente-a-intertraffic\/\" rel=\"bookmark\">Imprexa sar\u00e0 presente a Intertraffic<\/a><\/h4>\n\n\t\t\t\t\t\t<div class=\"recent-news-meta\">\n\t\t\t\t\t\t\t<span class=\"post-date\"><i class=\"fa fa-file-text-o\"><\/i> <time class=\"entry-date published updated\" datetime=\"2022-03-16T19:32:00+01:00\">16 Marzo 2022<\/time><\/span>\n\t\t\t\t\t\t\t<span class=\"comments-link\"><i class=\"fa fa-comments-o\"><\/i> Comments off.<\/span>\n\t\t\t\t\t\t<\/div>\n\n\t\t\t\t\t\t<p>Imprexa&nbsp;sar\u00e0 presente&nbsp;ad #Intertraffic,&nbsp;evento internazionalededicato al mondo delle infrastrutture, sicurezza e mobilit\u00e0&nbsp;che si terr\u00e0&nbsp;ad Amsterdam dal 29 marzo al 01 aprile 2022,&nbsp;Stand ...<\/p>\n\n\t\t\t\t\t\t<a class=\"btn btn-light btn-small\" href=\"https:\/\/imprexa.net\/it\/imprexa-sara-presente-a-intertraffic\/\" title=\"Imprexa sar\u00e0 presente a Intertraffic\">LEGGI<\/a>\n\n\t\t\t\t\t<\/div>\n\t\t\t\t\t\n\t\t\t\t\t<div class=\"grid-item grid-sm-6 grid-md-4\">\n\t\t\t\t\t\t<div class=\"grid-thumbnail\">\n\t\t\t\t\t\t\t<a href=\"https:\/\/imprexa.net\/it\/asphaltica\/\" title=\"Imprexa &#8211; Asphaltica &#8211; 24\/26 novembre\"><img decoding=\"async\" width=\"600\" height=\"300\" src=\"https:\/\/imprexa.net\/wp-content\/uploads\/2021\/11\/Progetto-senza-titolo-3-600x300.jpg\" class=\"attachment-medium-thumb size-medium-thumb wp-post-image\" alt=\"\" srcset=\"https:\/\/imprexa.net\/wp-content\/uploads\/2021\/11\/Progetto-senza-titolo-3-600x300.jpg 600w, https:\/\/imprexa.net\/wp-content\/uploads\/2021\/11\/Progetto-senza-titolo-3-400x200.jpg 400w, https:\/\/imprexa.net\/wp-content\/uploads\/2021\/11\/Progetto-senza-titolo-3-800x400.jpg 800w\" sizes=\"(max-width: 600px) 100vw, 600px\" \/><\/a>\n\t\t\t\t\t\t<\/div>\n\t\t\t\t\t\t<h4 class=\"grid-title\"><a href=\"https:\/\/imprexa.net\/it\/asphaltica\/\" rel=\"bookmark\">Imprexa &#8211; Asphaltica &#8211; 24\/26 novembre<\/a><\/h4>\n\n\t\t\t\t\t\t<div class=\"recent-news-meta\">\n\t\t\t\t\t\t\t<span class=\"post-date\"><i class=\"fa fa-file-text-o\"><\/i> <time class=\"entry-date published updated\" datetime=\"2021-11-11T12:26:16+01:00\">11 Novembre 2021<\/time><\/span>\n\t\t\t\t\t\t\t<span class=\"comments-link\"><i class=\"fa fa-comments-o\"><\/i> Comments off.<\/span>\n\t\t\t\t\t\t<\/div>\n\n\t\t\t\t\t\t<p>Imprexa sar\u00e0 presente ad Asphaltica, Salone Internazionale dell&#8217;Industria dell&#8217;Asfalto | Attrezzature, Tecnologie e Sicurezza Stradale che si terr\u00e0 a Verona dal ...<\/p>\n\n\t\t\t\t\t\t<a class=\"btn btn-light btn-small\" href=\"https:\/\/imprexa.net\/it\/asphaltica\/\" title=\"Imprexa &#8211; Asphaltica &#8211; 24\/26 novembre\">LEGGI<\/a>\n\n\t\t\t\t\t<\/div>\n\t\t\t\t\t\n\t\t\t\t<\/div>\n\t<\/div>[\/vc_column][\/vc_row][vc_row padding_left=&#8221;40&#8243; padding_right=&#8221;40&#8243;][vc_column width=&#8221;1\/2&#8243;][vc_single_image image=&#8221;9635&#8243; img_size=&#8221;full&#8221; alignment=&#8221;center&#8221; onclick=&#8221;custom_link&#8221; link=&#8221;https:\/\/imprexa.net\/it\/riqualificazione-piste-ciclabili\/&#8221;][vc_cta h2=&#8221;RIQUALIFICAZIONE PISTE CICLABILI&#8221; h4=&#8221;Scegli Imprexa per la riqualifica e la messa in sicurezza di piste ciclabili esistenti e per la realizzazione di nuovi itinerari!&#8221; add_button=&#8221;bottom&#8221; btn_title=&#8221;Scopri di pi\u00f9&#8221; btn_style=&#8221;custom&#8221; btn_custom_background=&#8221;#fecc01&#8243; btn_custom_text=&#8221;#ffffff&#8221; btn_align=&#8221;center&#8221; btn_link=&#8221;url:https%3A%2F%2Fimprexa.net%2Fit%2Friqualificazione-piste-ciclabili%2F|||&#8221;][\/vc_cta][\/vc_column][vc_column width=&#8221;1\/2&#8243;][vc_single_image image=&#8221;9637&#8243; img_size=&#8221;full&#8221; alignment=&#8221;center&#8221; onclick=&#8221;custom_link&#8221; link=&#8221;https:\/\/imprexa.net\/it\/riscaldatori\/&#8221;][vc_cta h2=&#8221;RISCALDATORE MANUALE &#8211; StampRoad IH150&#8243; h4=&#8221;Riscaldatore manuale ad infrarossi per lavori in asfalto stampato. Otto elementi riscaldatori. Due fiamme pilota indipendenti.&#8221; add_button=&#8221;bottom&#8221; btn_title=&#8221;Scopri di pi\u00f9&#8221; btn_style=&#8221;custom&#8221; btn_custom_background=&#8221;#fecc01&#8243; btn_custom_text=&#8221;#ffffff&#8221; btn_align=&#8221;center&#8221; btn_link=&#8221;url:https%3A%2F%2Fimprexa.net%2Fit%2Friscaldatori%2F|||&#8221;][\/vc_cta][\/vc_column][\/vc_row]<\/p>\n<\/div>","protected":false},"excerpt":{"rendered":"<p>[vc_row row_type=&#8221;row_fullwidth_content&#8221; bg_image=&#8221;973&#8243; bg_position=&#8221;center top&#8221; row_video_bg=&#8221;use_video&#8221; bg_video_mp4=&#8221;https:\/\/imprexa.net\/wp-content\/uploads\/2020\/04\/Imprexa-1.mp4&#8243; bg_video_ogv=&#8221;https:\/\/imprexa.net\/wp-content\/uploads\/2020\/04\/Imprexa.ogv&#8221; bg_video_webm=&#8221;https:\/\/imprexa.net\/wp-content\/uploads\/2020\/04\/Imprexa-1.webm&#8221; margin_top=&#8221;-80&#8243; padding_top=&#8221;-90&#8243;][vc_column css=&#8221;.vc_custom_1586078775731{margin-top: 120px !important;margin-bottom: 180px !important;}&#8221;][vc_column_text] &nbsp; IMPREXA ASFALTO STAMPATO MAKES &#8230;<\/p>\n","protected":false},"author":1,"featured_media":0,"parent":0,"menu_order":0,"comment_status":"closed","ping_status":"closed","template":"","meta":{"ngg_post_thumbnail":0,"footnotes":""},"class_list":["post-13","page","type-page","status-publish","hentry"],"yoast_head":"<!-- This site is optimized with the Yoast SEO plugin v27.6 - https:\/\/yoast.com\/product\/yoast-seo-wordpress\/ -->\n<title>Asfalto Stampato e Resinato - IMPREXA - Makes asphalt different<\/title>\n<meta name=\"description\" content=\"Imprexa \u00e8 leader nei prodotti ed attrezzature per pavimentazioni in Asfalto Stampato e Resinato e nella produzione di segnaletica in termoplastico.\" \/>\n<meta name=\"robots\" content=\"index, follow, max-snippet:-1, max-image-preview:large, max-video-preview:-1\" \/>\n<link rel=\"canonical\" href=\"https:\/\/imprexa.net\/it\/\" \/>\n<meta property=\"og:locale\" content=\"it_IT\" \/>\n<meta property=\"og:type\" content=\"article\" \/>\n<meta property=\"og:title\" content=\"Asfalto Stampato e Resinato - IMPREXA - Makes asphalt different\" \/>\n<meta property=\"og:description\" content=\"Imprexa \u00e8 leader nei prodotti ed attrezzature per pavimentazioni in Asfalto Stampato e Resinato e nella produzione di segnaletica in termoplastico.\" \/>\n<meta property=\"og:url\" content=\"https:\/\/imprexa.net\/it\/\" \/>\n<meta property=\"og:site_name\" content=\"Imprexa - Asfalto stampato\" \/>\n<meta property=\"article:modified_time\" content=\"2021-11-15T16:45:54+00:00\" \/>\n<meta name=\"twitter:card\" content=\"summary_large_image\" \/>\n<meta name=\"twitter:label1\" content=\"Tempo di lettura stimato\" \/>\n\t<meta name=\"twitter:data1\" content=\"2 minuti\" \/>\n<script type=\"application\/ld+json\" class=\"yoast-schema-graph\">{\"@context\":\"https:\\\/\\\/schema.org\",\"@graph\":[{\"@type\":\"WebPage\",\"@id\":\"https:\\\/\\\/imprexa.net\\\/it\\\/\",\"url\":\"https:\\\/\\\/imprexa.net\\\/it\\\/\",\"name\":\"Asfalto Stampato e Resinato - IMPREXA - Makes asphalt different\",\"isPartOf\":{\"@id\":\"https:\\\/\\\/imprexa.net\\\/it\\\/#website\"},\"datePublished\":\"2015-02-05T09:20:33+00:00\",\"dateModified\":\"2021-11-15T16:45:54+00:00\",\"description\":\"Imprexa \u00e8 leader nei prodotti ed attrezzature per pavimentazioni in Asfalto Stampato e Resinato e nella produzione di segnaletica in termoplastico.\",\"breadcrumb\":{\"@id\":\"https:\\\/\\\/imprexa.net\\\/it\\\/#breadcrumb\"},\"inLanguage\":\"it-IT\",\"potentialAction\":[{\"@type\":\"ReadAction\",\"target\":[\"https:\\\/\\\/imprexa.net\\\/it\\\/\"]}]},{\"@type\":\"BreadcrumbList\",\"@id\":\"https:\\\/\\\/imprexa.net\\\/it\\\/#breadcrumb\",\"itemListElement\":[{\"@type\":\"ListItem\",\"position\":1,\"name\":\"Home\",\"item\":\"https:\\\/\\\/imprexa.net\\\/it\\\/\"},{\"@type\":\"ListItem\",\"position\":2,\"name\":\"Home\"}]},{\"@type\":\"WebSite\",\"@id\":\"https:\\\/\\\/imprexa.net\\\/it\\\/#website\",\"url\":\"https:\\\/\\\/imprexa.net\\\/it\\\/\",\"name\":\"Imprexa - Asfalto stampato\",\"description\":\"Makes asphalt different\",\"potentialAction\":[{\"@type\":\"SearchAction\",\"target\":{\"@type\":\"EntryPoint\",\"urlTemplate\":\"https:\\\/\\\/imprexa.net\\\/it\\\/?s={search_term_string}\"},\"query-input\":{\"@type\":\"PropertyValueSpecification\",\"valueRequired\":true,\"valueName\":\"search_term_string\"}}],\"inLanguage\":\"it-IT\"}]}<\/script>\n<!-- \/ Yoast SEO plugin. -->","yoast_head_json":{"title":"Asfalto Stampato e Resinato - IMPREXA - Makes asphalt different","description":"Imprexa \u00e8 leader nei prodotti ed attrezzature per pavimentazioni in Asfalto Stampato e Resinato e nella produzione di segnaletica in termoplastico.","robots":{"index":"index","follow":"follow","max-snippet":"max-snippet:-1","max-image-preview":"max-image-preview:large","max-video-preview":"max-video-preview:-1"},"canonical":"https:\/\/imprexa.net\/it\/","og_locale":"it_IT","og_type":"article","og_title":"Asfalto Stampato e Resinato - IMPREXA - Makes asphalt different","og_description":"Imprexa \u00e8 leader nei prodotti ed attrezzature per pavimentazioni in Asfalto Stampato e Resinato e nella produzione di segnaletica in termoplastico.","og_url":"https:\/\/imprexa.net\/it\/","og_site_name":"Imprexa - Asfalto stampato","article_modified_time":"2021-11-15T16:45:54+00:00","twitter_card":"summary_large_image","twitter_misc":{"Tempo di lettura stimato":"2 minuti"},"schema":{"@context":"https:\/\/schema.org","@graph":[{"@type":"WebPage","@id":"https:\/\/imprexa.net\/it\/","url":"https:\/\/imprexa.net\/it\/","name":"Asfalto Stampato e Resinato - IMPREXA - Makes asphalt different","isPartOf":{"@id":"https:\/\/imprexa.net\/it\/#website"},"datePublished":"2015-02-05T09:20:33+00:00","dateModified":"2021-11-15T16:45:54+00:00","description":"Imprexa \u00e8 leader nei prodotti ed attrezzature per pavimentazioni in Asfalto Stampato e Resinato e nella produzione di segnaletica in termoplastico.","breadcrumb":{"@id":"https:\/\/imprexa.net\/it\/#breadcrumb"},"inLanguage":"it-IT","potentialAction":[{"@type":"ReadAction","target":["https:\/\/imprexa.net\/it\/"]}]},{"@type":"BreadcrumbList","@id":"https:\/\/imprexa.net\/it\/#breadcrumb","itemListElement":[{"@type":"ListItem","position":1,"name":"Home","item":"https:\/\/imprexa.net\/it\/"},{"@type":"ListItem","position":2,"name":"Home"}]},{"@type":"WebSite","@id":"https:\/\/imprexa.net\/it\/#website","url":"https:\/\/imprexa.net\/it\/","name":"Imprexa - Asfalto stampato","description":"Makes asphalt different","potentialAction":[{"@type":"SearchAction","target":{"@type":"EntryPoint","urlTemplate":"https:\/\/imprexa.net\/it\/?s={search_term_string}"},"query-input":{"@type":"PropertyValueSpecification","valueRequired":true,"valueName":"search_term_string"}}],"inLanguage":"it-IT"}]}},"_links":{"self":[{"href":"https:\/\/imprexa.net\/it\/wp-json\/wp\/v2\/pages\/13","targetHints":{"allow":["GET"]}}],"collection":[{"href":"https:\/\/imprexa.net\/it\/wp-json\/wp\/v2\/pages"}],"about":[{"href":"https:\/\/imprexa.net\/it\/wp-json\/wp\/v2\/types\/page"}],"author":[{"embeddable":true,"href":"https:\/\/imprexa.net\/it\/wp-json\/wp\/v2\/users\/1"}],"replies":[{"embeddable":true,"href":"https:\/\/imprexa.net\/it\/wp-json\/wp\/v2\/comments?post=13"}],"version-history":[{"count":0,"href":"https:\/\/imprexa.net\/it\/wp-json\/wp\/v2\/pages\/13\/revisions"}],"wp:attachment":[{"href":"https:\/\/imprexa.net\/it\/wp-json\/wp\/v2\/media?parent=13"}],"curies":[{"name":"wp","href":"https:\/\/api.w.org\/{rel}","templated":true}]}}