{"id":1488,"date":"2015-07-03T17:56:13","date_gmt":"2015-07-03T15:56:13","guid":{"rendered":"http:\/\/imprexa.gasweb.it\/?page_id=1488"},"modified":"2020-05-16T10:30:22","modified_gmt":"2020-05-16T08:30:22","slug":"resine-asphaltcoat","status":"publish","type":"page","link":"https:\/\/imprexa.net\/it\/resine-asphaltcoat\/","title":{"rendered":"Resine AsphaltCoat"},"content":{"rendered":"<div class=\"wpb-content-wrapper\"><p>[vc_row padding_top=&#8221;0&#8243; padding_bottom=&#8221;0&#8243;][vc_column][vc_single_image image=&#8221;9500&#8243; img_size=&#8221;1130&#215;600&#8243;][vc_column_text]<\/p>\n\n        <style type='text\/css'>\n            #gallery-1 .gallery-item {\n                float: left;\n                text-align: center;\n                width: 25%;\n                margin-bottom:0;\n            }\n            #gallery-1 img {\n            }\n            #gallery-1 .gallery-caption {\n                margin-left: 0;\n            }\n        <\/style>\n\t\t<div id='gallery-1' class='gallery  gallery-columns-4 gallery-size-medium-thumb gallery-lightbox'><dl class='gallery-item'>\n            <dt class='gallery-icon'>\n                <a href='https:\/\/imprexa.net\/wp-content\/uploads\/2015\/07\/Resina-Asfalto1.jpg'><img fetchpriority=\"high\" decoding=\"async\" width=\"600\" height=\"300\" src=\"https:\/\/imprexa.net\/wp-content\/uploads\/2015\/07\/Resina-Asfalto1-600x300.jpg\" class=\"attachment-medium-thumb size-medium-thumb\" alt=\"\" srcset=\"https:\/\/imprexa.net\/wp-content\/uploads\/2015\/07\/Resina-Asfalto1-600x300.jpg 600w, https:\/\/imprexa.net\/wp-content\/uploads\/2015\/07\/Resina-Asfalto1-300x150.jpg 300w, https:\/\/imprexa.net\/wp-content\/uploads\/2015\/07\/Resina-Asfalto1-768x384.jpg 768w, https:\/\/imprexa.net\/wp-content\/uploads\/2015\/07\/Resina-Asfalto1-400x200.jpg 400w, https:\/\/imprexa.net\/wp-content\/uploads\/2015\/07\/Resina-Asfalto1-800x400.jpg 800w, https:\/\/imprexa.net\/wp-content\/uploads\/2015\/07\/Resina-Asfalto1.jpg 1000w\" sizes=\"(max-width: 600px) 100vw, 600px\" \/><\/a>\n            <\/dt><\/dl><dl class='gallery-item'>\n            <dt class='gallery-icon'>\n                <a href='https:\/\/imprexa.net\/wp-content\/uploads\/2015\/07\/Resina-Asfalto2.jpg'><img decoding=\"async\" width=\"600\" height=\"300\" src=\"https:\/\/imprexa.net\/wp-content\/uploads\/2015\/07\/Resina-Asfalto2-600x300.jpg\" class=\"attachment-medium-thumb size-medium-thumb\" alt=\"\" srcset=\"https:\/\/imprexa.net\/wp-content\/uploads\/2015\/07\/Resina-Asfalto2-600x300.jpg 600w, https:\/\/imprexa.net\/wp-content\/uploads\/2015\/07\/Resina-Asfalto2-300x150.jpg 300w, https:\/\/imprexa.net\/wp-content\/uploads\/2015\/07\/Resina-Asfalto2-768x384.jpg 768w, https:\/\/imprexa.net\/wp-content\/uploads\/2015\/07\/Resina-Asfalto2-400x200.jpg 400w, https:\/\/imprexa.net\/wp-content\/uploads\/2015\/07\/Resina-Asfalto2-800x400.jpg 800w, https:\/\/imprexa.net\/wp-content\/uploads\/2015\/07\/Resina-Asfalto2.jpg 1000w\" sizes=\"(max-width: 600px) 100vw, 600px\" \/><\/a>\n            <\/dt><\/dl><dl class='gallery-item'>\n            <dt class='gallery-icon'>\n                <a href='https:\/\/imprexa.net\/wp-content\/uploads\/2015\/07\/Resina-Asfalto3.jpg'><img decoding=\"async\" width=\"600\" height=\"300\" src=\"https:\/\/imprexa.net\/wp-content\/uploads\/2015\/07\/Resina-Asfalto3-600x300.jpg\" class=\"attachment-medium-thumb size-medium-thumb\" alt=\"\" srcset=\"https:\/\/imprexa.net\/wp-content\/uploads\/2015\/07\/Resina-Asfalto3-600x300.jpg 600w, https:\/\/imprexa.net\/wp-content\/uploads\/2015\/07\/Resina-Asfalto3-300x150.jpg 300w, https:\/\/imprexa.net\/wp-content\/uploads\/2015\/07\/Resina-Asfalto3-768x384.jpg 768w, https:\/\/imprexa.net\/wp-content\/uploads\/2015\/07\/Resina-Asfalto3-400x200.jpg 400w, https:\/\/imprexa.net\/wp-content\/uploads\/2015\/07\/Resina-Asfalto3-800x400.jpg 800w, https:\/\/imprexa.net\/wp-content\/uploads\/2015\/07\/Resina-Asfalto3.jpg 1000w\" sizes=\"(max-width: 600px) 100vw, 600px\" \/><\/a>\n            <\/dt><\/dl><dl class='gallery-item'>\n            <dt class='gallery-icon'>\n                <a href='https:\/\/imprexa.net\/wp-content\/uploads\/2015\/07\/Resina-Asfalto4.jpg'><img loading=\"lazy\" decoding=\"async\" width=\"600\" height=\"300\" src=\"https:\/\/imprexa.net\/wp-content\/uploads\/2015\/07\/Resina-Asfalto4-600x300.jpg\" class=\"attachment-medium-thumb size-medium-thumb\" alt=\"\" srcset=\"https:\/\/imprexa.net\/wp-content\/uploads\/2015\/07\/Resina-Asfalto4-600x300.jpg 600w, https:\/\/imprexa.net\/wp-content\/uploads\/2015\/07\/Resina-Asfalto4-300x150.jpg 300w, https:\/\/imprexa.net\/wp-content\/uploads\/2015\/07\/Resina-Asfalto4-768x384.jpg 768w, https:\/\/imprexa.net\/wp-content\/uploads\/2015\/07\/Resina-Asfalto4-400x200.jpg 400w, https:\/\/imprexa.net\/wp-content\/uploads\/2015\/07\/Resina-Asfalto4-800x400.jpg 800w, https:\/\/imprexa.net\/wp-content\/uploads\/2015\/07\/Resina-Asfalto4.jpg 1000w\" sizes=\"(max-width: 600px) 100vw, 600px\" \/><\/a>\n            <\/dt><\/dl><div class=\"clear\"><\/div>\n            <div class=\"clear\"><\/div>\n        <\/div>\n\n<p>[\/vc_column_text][\/vc_column][\/vc_row][vc_row][vc_column width=&#8221;1\/2&#8243;][vc_column_text]<\/p>\n<h4>RESINE\u00a0ASPHALTCOAT: NATE PER L\u2019ASFALTO<\/h4>\n<p>L&#8217;idea di AsphaltCoat \u00e8 nata nel 2010. Dopo aver per molti anni importato prodotti americani di alta qualit\u00e0, con l&#8217;esperienza maturata in anni di cantieri nelle condizioni pi\u00f9 severe, abbiamo pensato ad un prodotto italiano che potesse incrementare le prestazioni ed offrire un miglior rapporto qualit\u00e0\/prezzo.<br \/>\nEd abbiamo creato la gamma pi\u00f9 specifica di resine per il trattamento di superfici d&#8217;asfalto.[\/vc_column_text][vc_column_text]<\/p>\n<h4>UNA RESINA PER OGNI ESIGENZA<\/h4>\n<p>Tre diverse tipologie di resine assolutamente compatibili tra di loro per coprire le pi\u00f9 disparate destinazioni di traffico: pedonale, ciclabile e veicolare anche ad elevata intensit\u00e0.<br \/>\nCon una gamma base di TONER di colorazione di 36 tinte sempre disponibili a stock.<br \/>\nEd un compendio di prodotti per la preparazione ed il trattamento: il nuovo primer bicomponente HB1 ed il pro.[\/vc_column_text][\/vc_column][vc_column width=&#8221;1\/2&#8243;][vc_accordion][vc_accordion_tab title=&#8221;Catalogo AsphatCoat&#8221;][vc_column_text]<a class=\"icon-button\" href=\"http:\/\/imprexa.net\/wp-content\/uploads\/2017\/09\/15m06b-PieghevoleAsphaltCoat.compressed.pdf\" target=\"new\"><i class=\"fa-solid fa-file-pdf\"><\/i> CATALOGO ASPHALTCOAT.PDF<\/a>[\/vc_column_text][\/vc_accordion_tab][\/vc_accordion][vc_button title=&#8221;Accedi all&#8217;area download per consultare ulteriore documentazione tecnica&#8221; position=&#8221;center&#8221; link=&#8221;url:http%3A%2F%2Fimprexa.net%2Fit%2Fdownload%2F|title:Accedi%20all&#8217;area%20download%20per%20consultare%20ulteriore%20documentazione%20tecnica||&#8221;][vc_column_text][\/vc_column_text][\/vc_column][\/vc_row][vc_row][vc_column][\/vc_column][\/vc_row]<\/p>\n<\/div>","protected":false},"excerpt":{"rendered":"<p>L&#8217;idea di AsphaltCoat \u00e8 nata nel 2010. Dopo aver per molti anni importato prodotti americani di alta qualit\u00e0, con l&#8217;esperienza maturata in anni di cantieri&#8230;<\/p>\n","protected":false},"author":1,"featured_media":1535,"parent":0,"menu_order":0,"comment_status":"closed","ping_status":"closed","template":"","meta":{"ngg_post_thumbnail":0,"footnotes":""},"class_list":["post-1488","page","type-page","status-publish","has-post-thumbnail","hentry"],"yoast_head":"<!-- This site is optimized with the Yoast SEO plugin v27.5 - https:\/\/yoast.com\/product\/yoast-seo-wordpress\/ -->\n<title>IMPREXA | Resine AsphaltCoat - Colore per asfalto<\/title>\n<meta name=\"description\" content=\"La gamma di resine AsfaltCoat per la colorazione dell&#039;asfalto in ogni condizione di traffico. Scegli la pi\u00f9 adatta al tuo utilizzo.\" \/>\n<meta name=\"robots\" content=\"index, follow, max-snippet:-1, max-image-preview:large, max-video-preview:-1\" \/>\n<link rel=\"canonical\" href=\"https:\/\/imprexa.net\/it\/resine-asphaltcoat\/\" \/>\n<meta property=\"og:locale\" content=\"it_IT\" \/>\n<meta property=\"og:type\" content=\"article\" \/>\n<meta property=\"og:title\" content=\"IMPREXA | Resine AsphaltCoat - Colore per asfalto\" \/>\n<meta property=\"og:description\" content=\"La gamma di resine AsfaltCoat per la colorazione dell&#039;asfalto in ogni condizione di traffico. Scegli la pi\u00f9 adatta al tuo utilizzo.\" \/>\n<meta property=\"og:url\" content=\"https:\/\/imprexa.net\/it\/resine-asphaltcoat\/\" \/>\n<meta property=\"og:site_name\" content=\"Imprexa - Asfalto stampato\" \/>\n<meta property=\"article:modified_time\" content=\"2020-05-16T08:30:22+00:00\" \/>\n<meta property=\"og:image\" content=\"https:\/\/imprexa.net\/wp-content\/uploads\/2015\/07\/RESINE-ASPHALTCOAT.jpg\" \/>\n\t<meta property=\"og:image:width\" content=\"1130\" \/>\n\t<meta property=\"og:image:height\" content=\"588\" \/>\n\t<meta property=\"og:image:type\" content=\"image\/jpeg\" \/>\n<meta name=\"twitter:card\" content=\"summary_large_image\" \/>\n<meta name=\"twitter:label1\" content=\"Tempo di lettura stimato\" \/>\n\t<meta name=\"twitter:data1\" content=\"1 minuto\" \/>\n<script type=\"application\/ld+json\" class=\"yoast-schema-graph\">{\"@context\":\"https:\\\/\\\/schema.org\",\"@graph\":[{\"@type\":\"WebPage\",\"@id\":\"https:\\\/\\\/imprexa.net\\\/it\\\/resine-asphaltcoat\\\/\",\"url\":\"https:\\\/\\\/imprexa.net\\\/it\\\/resine-asphaltcoat\\\/\",\"name\":\"IMPREXA | Resine AsphaltCoat - Colore per asfalto\",\"isPartOf\":{\"@id\":\"https:\\\/\\\/imprexa.net\\\/it\\\/#website\"},\"primaryImageOfPage\":{\"@id\":\"https:\\\/\\\/imprexa.net\\\/it\\\/resine-asphaltcoat\\\/#primaryimage\"},\"image\":{\"@id\":\"https:\\\/\\\/imprexa.net\\\/it\\\/resine-asphaltcoat\\\/#primaryimage\"},\"thumbnailUrl\":\"https:\\\/\\\/imprexa.net\\\/wp-content\\\/uploads\\\/2015\\\/07\\\/RESINE-ASPHALTCOAT.jpg\",\"datePublished\":\"2015-07-03T15:56:13+00:00\",\"dateModified\":\"2020-05-16T08:30:22+00:00\",\"description\":\"La gamma di resine AsfaltCoat per la colorazione dell'asfalto in ogni condizione di traffico. Scegli la pi\u00f9 adatta al tuo utilizzo.\",\"breadcrumb\":{\"@id\":\"https:\\\/\\\/imprexa.net\\\/it\\\/resine-asphaltcoat\\\/#breadcrumb\"},\"inLanguage\":\"it-IT\",\"potentialAction\":[{\"@type\":\"ReadAction\",\"target\":[\"https:\\\/\\\/imprexa.net\\\/it\\\/resine-asphaltcoat\\\/\"]}]},{\"@type\":\"ImageObject\",\"inLanguage\":\"it-IT\",\"@id\":\"https:\\\/\\\/imprexa.net\\\/it\\\/resine-asphaltcoat\\\/#primaryimage\",\"url\":\"https:\\\/\\\/imprexa.net\\\/wp-content\\\/uploads\\\/2015\\\/07\\\/RESINE-ASPHALTCOAT.jpg\",\"contentUrl\":\"https:\\\/\\\/imprexa.net\\\/wp-content\\\/uploads\\\/2015\\\/07\\\/RESINE-ASPHALTCOAT.jpg\",\"width\":1130,\"height\":588,\"caption\":\"Resine AsphaltCoat\"},{\"@type\":\"BreadcrumbList\",\"@id\":\"https:\\\/\\\/imprexa.net\\\/it\\\/resine-asphaltcoat\\\/#breadcrumb\",\"itemListElement\":[{\"@type\":\"ListItem\",\"position\":1,\"name\":\"Home\",\"item\":\"https:\\\/\\\/imprexa.net\\\/it\\\/\"},{\"@type\":\"ListItem\",\"position\":2,\"name\":\"Resine AsphaltCoat\"}]},{\"@type\":\"WebSite\",\"@id\":\"https:\\\/\\\/imprexa.net\\\/it\\\/#website\",\"url\":\"https:\\\/\\\/imprexa.net\\\/it\\\/\",\"name\":\"Imprexa - Asfalto stampato\",\"description\":\"Makes asphalt different\",\"potentialAction\":[{\"@type\":\"SearchAction\",\"target\":{\"@type\":\"EntryPoint\",\"urlTemplate\":\"https:\\\/\\\/imprexa.net\\\/it\\\/?s={search_term_string}\"},\"query-input\":{\"@type\":\"PropertyValueSpecification\",\"valueRequired\":true,\"valueName\":\"search_term_string\"}}],\"inLanguage\":\"it-IT\"}]}<\/script>\n<!-- \/ Yoast SEO plugin. -->","yoast_head_json":{"title":"IMPREXA | Resine AsphaltCoat - Colore per asfalto","description":"La gamma di resine AsfaltCoat per la colorazione dell'asfalto in ogni condizione di traffico. Scegli la pi\u00f9 adatta al tuo utilizzo.","robots":{"index":"index","follow":"follow","max-snippet":"max-snippet:-1","max-image-preview":"max-image-preview:large","max-video-preview":"max-video-preview:-1"},"canonical":"https:\/\/imprexa.net\/it\/resine-asphaltcoat\/","og_locale":"it_IT","og_type":"article","og_title":"IMPREXA | Resine AsphaltCoat - Colore per asfalto","og_description":"La gamma di resine AsfaltCoat per la colorazione dell'asfalto in ogni condizione di traffico. Scegli la pi\u00f9 adatta al tuo utilizzo.","og_url":"https:\/\/imprexa.net\/it\/resine-asphaltcoat\/","og_site_name":"Imprexa - Asfalto stampato","article_modified_time":"2020-05-16T08:30:22+00:00","og_image":[{"width":1130,"height":588,"url":"https:\/\/imprexa.net\/wp-content\/uploads\/2015\/07\/RESINE-ASPHALTCOAT.jpg","type":"image\/jpeg"}],"twitter_card":"summary_large_image","twitter_misc":{"Tempo di lettura stimato":"1 minuto"},"schema":{"@context":"https:\/\/schema.org","@graph":[{"@type":"WebPage","@id":"https:\/\/imprexa.net\/it\/resine-asphaltcoat\/","url":"https:\/\/imprexa.net\/it\/resine-asphaltcoat\/","name":"IMPREXA | Resine AsphaltCoat - Colore per asfalto","isPartOf":{"@id":"https:\/\/imprexa.net\/it\/#website"},"primaryImageOfPage":{"@id":"https:\/\/imprexa.net\/it\/resine-asphaltcoat\/#primaryimage"},"image":{"@id":"https:\/\/imprexa.net\/it\/resine-asphaltcoat\/#primaryimage"},"thumbnailUrl":"https:\/\/imprexa.net\/wp-content\/uploads\/2015\/07\/RESINE-ASPHALTCOAT.jpg","datePublished":"2015-07-03T15:56:13+00:00","dateModified":"2020-05-16T08:30:22+00:00","description":"La gamma di resine AsfaltCoat per la colorazione dell'asfalto in ogni condizione di traffico. Scegli la pi\u00f9 adatta al tuo utilizzo.","breadcrumb":{"@id":"https:\/\/imprexa.net\/it\/resine-asphaltcoat\/#breadcrumb"},"inLanguage":"it-IT","potentialAction":[{"@type":"ReadAction","target":["https:\/\/imprexa.net\/it\/resine-asphaltcoat\/"]}]},{"@type":"ImageObject","inLanguage":"it-IT","@id":"https:\/\/imprexa.net\/it\/resine-asphaltcoat\/#primaryimage","url":"https:\/\/imprexa.net\/wp-content\/uploads\/2015\/07\/RESINE-ASPHALTCOAT.jpg","contentUrl":"https:\/\/imprexa.net\/wp-content\/uploads\/2015\/07\/RESINE-ASPHALTCOAT.jpg","width":1130,"height":588,"caption":"Resine AsphaltCoat"},{"@type":"BreadcrumbList","@id":"https:\/\/imprexa.net\/it\/resine-asphaltcoat\/#breadcrumb","itemListElement":[{"@type":"ListItem","position":1,"name":"Home","item":"https:\/\/imprexa.net\/it\/"},{"@type":"ListItem","position":2,"name":"Resine AsphaltCoat"}]},{"@type":"WebSite","@id":"https:\/\/imprexa.net\/it\/#website","url":"https:\/\/imprexa.net\/it\/","name":"Imprexa - Asfalto stampato","description":"Makes asphalt different","potentialAction":[{"@type":"SearchAction","target":{"@type":"EntryPoint","urlTemplate":"https:\/\/imprexa.net\/it\/?s={search_term_string}"},"query-input":{"@type":"PropertyValueSpecification","valueRequired":true,"valueName":"search_term_string"}}],"inLanguage":"it-IT"}]}},"_links":{"self":[{"href":"https:\/\/imprexa.net\/it\/wp-json\/wp\/v2\/pages\/1488","targetHints":{"allow":["GET"]}}],"collection":[{"href":"https:\/\/imprexa.net\/it\/wp-json\/wp\/v2\/pages"}],"about":[{"href":"https:\/\/imprexa.net\/it\/wp-json\/wp\/v2\/types\/page"}],"author":[{"embeddable":true,"href":"https:\/\/imprexa.net\/it\/wp-json\/wp\/v2\/users\/1"}],"replies":[{"embeddable":true,"href":"https:\/\/imprexa.net\/it\/wp-json\/wp\/v2\/comments?post=1488"}],"version-history":[{"count":0,"href":"https:\/\/imprexa.net\/it\/wp-json\/wp\/v2\/pages\/1488\/revisions"}],"wp:featuredmedia":[{"embeddable":true,"href":"https:\/\/imprexa.net\/it\/wp-json\/wp\/v2\/media\/1535"}],"wp:attachment":[{"href":"https:\/\/imprexa.net\/it\/wp-json\/wp\/v2\/media?parent=1488"}],"curies":[{"name":"wp","href":"https:\/\/api.w.org\/{rel}","templated":true}]}}