{"id":1580,"date":"2015-07-15T09:48:13","date_gmt":"2015-07-15T07:48:13","guid":{"rendered":"http:\/\/imprexa.gasweb.it\/?page_id=1580"},"modified":"2020-05-19T14:28:52","modified_gmt":"2020-05-19T12:28:52","slug":"imprexa-piastre-vibranti","status":"publish","type":"page","link":"https:\/\/imprexa.net\/it\/tools\/imprexa-piastre-vibranti\/","title":{"rendered":"Imprexa Piastre Vibranti"},"content":{"rendered":"<div class=\"wpb-content-wrapper\"><p>[vc_row padding_top=&#8221;0&#8243; padding_bottom=&#8221;0&#8243;][vc_column][vc_single_image image=&#8221;9514&#8243; img_size=&#8221;1130&#215;600&#8243;][\/vc_column][\/vc_row][vc_row][vc_column width=&#8221;1\/2&#8243;][vc_column_text]<\/p>\n<h4>PIASTRE VIBRANTI <strong>StampRoad<\/strong> DI IMPREXA:\u00a0PER RESISTERE AD UN LAVORO PESANTE<\/h4>\n<p>Le piastre serie ESA (Enhancement for Stamped Asphalt) sono prodotte per resistere alle elevate sollecitazioni che l&#8217;imprimitura delle matrici sull&#8217;asfalto produce. Quando si \u00e8 costretti a lavorare anche 8 ore al giorno \u00e8 necessario che la macchina sia concepita per tale sforzo. Che non \u00e8 quello previsto per una normale macchina di serie anche di produttori di alto livello.[\/vc_column_text][vc_column_text]<\/p>\n<h4>UNA GAMMA COMPLETA PER OGNI DIVERSO IMPIEGO<\/h4>\n<p>Che si stampi un bordo stretto e lungo, o un attraversamento pedonale o un marciapiede, che sia una matrice molto fitta come il porfido a coda di pavone: per ognuna di queste esigenze \u00e8 necessaria una piastra diversa, ed IMPREXA ha realizzato la gamma RP, con 3 diverse versioni.[\/vc_column_text][\/vc_column][vc_column width=&#8221;1\/2&#8243;][vc_accordion][vc_accordion_tab title=&#8221;Imprexa Piastre Vibranti&#8221;][vc_column_text]<a class=\"icon-button\" href=\"http:\/\/imprexa.net\/wp-content\/uploads\/2017\/05\/Piastra-Imprexa-RP120-ESA-nov16.pdf\" target=\"new\"><i class=\"fa-solid fa-file-pdf\"><\/i> Piastra reversibile RP120.PDF<\/a><\/p>\n<p><a class=\"icon-button\" href=\"http:\/\/imprexa.net\/wp-content\/uploads\/2017\/05\/Piastra-Imprexa-RP200-ESA-nov16.pdf\" target=\"new\"><i class=\"fa-solid fa-file-pdf\"><\/i> Piastra reversibile RP200.PDF<\/a><\/p>\n<p><a class=\"icon-button\" href=\"http:\/\/imprexa.net\/wp-content\/uploads\/2017\/05\/Piastra-Imprexa-RP270-ESA-nov16.pdf\" target=\"new\"><i class=\"fa-solid fa-file-pdf\"><\/i> Piastra reversibile RP270.PDF<\/a>[\/vc_column_text][\/vc_accordion_tab][\/vc_accordion][vc_column_text][\/vc_column_text][\/vc_column][\/vc_row]<\/p>\n<\/div>","protected":false},"excerpt":{"rendered":"<p>Le piastre serie ESA (Enhancement for Stamped Asphalt) sono prodotte per resistere alle elevate sollecitazioni che l&#8217;imprimitura delle matrici sull&#8217;asfalto&#8230;<\/p>\n","protected":false},"author":1,"featured_media":1606,"parent":1621,"menu_order":0,"comment_status":"closed","ping_status":"closed","template":"","meta":{"ngg_post_thumbnail":0,"footnotes":""},"class_list":["post-1580","page","type-page","status-publish","has-post-thumbnail","hentry"],"yoast_head":"<!-- This site is optimized with the Yoast SEO plugin v27.5 - https:\/\/yoast.com\/product\/yoast-seo-wordpress\/ -->\n<title>IMPREXA | Imprexa Piastre Vibranti - Piastre vibranti reversibili<\/title>\n<meta name=\"description\" content=\"Piastre vibranti reversibili gamma ESA (Enanched for Stamped Asphalt)\" \/>\n<meta name=\"robots\" content=\"index, follow, max-snippet:-1, max-image-preview:large, max-video-preview:-1\" \/>\n<link rel=\"canonical\" href=\"https:\/\/imprexa.net\/it\/tools\/imprexa-piastre-vibranti\/\" \/>\n<meta property=\"og:locale\" content=\"it_IT\" \/>\n<meta property=\"og:type\" content=\"article\" \/>\n<meta property=\"og:title\" content=\"IMPREXA | Imprexa Piastre Vibranti - Piastre vibranti reversibili\" \/>\n<meta property=\"og:description\" content=\"Piastre vibranti reversibili gamma ESA (Enanched for Stamped Asphalt)\" \/>\n<meta property=\"og:url\" content=\"https:\/\/imprexa.net\/it\/tools\/imprexa-piastre-vibranti\/\" \/>\n<meta property=\"og:site_name\" content=\"Imprexa - Asfalto stampato\" \/>\n<meta property=\"article:modified_time\" content=\"2020-05-19T12:28:52+00:00\" \/>\n<meta property=\"og:image\" content=\"https:\/\/imprexa.net\/wp-content\/uploads\/2015\/07\/piastre_vibranti.jpg\" \/>\n\t<meta property=\"og:image:width\" content=\"1130\" \/>\n\t<meta property=\"og:image:height\" content=\"400\" \/>\n\t<meta property=\"og:image:type\" content=\"image\/jpeg\" \/>\n<meta name=\"twitter:card\" content=\"summary_large_image\" \/>\n<meta name=\"twitter:label1\" content=\"Tempo di lettura stimato\" \/>\n\t<meta name=\"twitter:data1\" content=\"1 minuto\" \/>\n<script type=\"application\/ld+json\" class=\"yoast-schema-graph\">{\"@context\":\"https:\\\/\\\/schema.org\",\"@graph\":[{\"@type\":\"WebPage\",\"@id\":\"https:\\\/\\\/imprexa.net\\\/it\\\/tools\\\/imprexa-piastre-vibranti\\\/\",\"url\":\"https:\\\/\\\/imprexa.net\\\/it\\\/tools\\\/imprexa-piastre-vibranti\\\/\",\"name\":\"IMPREXA | Imprexa Piastre Vibranti - Piastre vibranti reversibili\",\"isPartOf\":{\"@id\":\"https:\\\/\\\/imprexa.net\\\/it\\\/#website\"},\"primaryImageOfPage\":{\"@id\":\"https:\\\/\\\/imprexa.net\\\/it\\\/tools\\\/imprexa-piastre-vibranti\\\/#primaryimage\"},\"image\":{\"@id\":\"https:\\\/\\\/imprexa.net\\\/it\\\/tools\\\/imprexa-piastre-vibranti\\\/#primaryimage\"},\"thumbnailUrl\":\"https:\\\/\\\/imprexa.net\\\/wp-content\\\/uploads\\\/2015\\\/07\\\/piastre_vibranti.jpg\",\"datePublished\":\"2015-07-15T07:48:13+00:00\",\"dateModified\":\"2020-05-19T12:28:52+00:00\",\"description\":\"Piastre vibranti reversibili gamma ESA (Enanched for Stamped Asphalt)\",\"breadcrumb\":{\"@id\":\"https:\\\/\\\/imprexa.net\\\/it\\\/tools\\\/imprexa-piastre-vibranti\\\/#breadcrumb\"},\"inLanguage\":\"it-IT\",\"potentialAction\":[{\"@type\":\"ReadAction\",\"target\":[\"https:\\\/\\\/imprexa.net\\\/it\\\/tools\\\/imprexa-piastre-vibranti\\\/\"]}]},{\"@type\":\"ImageObject\",\"inLanguage\":\"it-IT\",\"@id\":\"https:\\\/\\\/imprexa.net\\\/it\\\/tools\\\/imprexa-piastre-vibranti\\\/#primaryimage\",\"url\":\"https:\\\/\\\/imprexa.net\\\/wp-content\\\/uploads\\\/2015\\\/07\\\/piastre_vibranti.jpg\",\"contentUrl\":\"https:\\\/\\\/imprexa.net\\\/wp-content\\\/uploads\\\/2015\\\/07\\\/piastre_vibranti.jpg\",\"width\":1130,\"height\":400,\"caption\":\"Imprexa Piastre Vibranti\"},{\"@type\":\"BreadcrumbList\",\"@id\":\"https:\\\/\\\/imprexa.net\\\/it\\\/tools\\\/imprexa-piastre-vibranti\\\/#breadcrumb\",\"itemListElement\":[{\"@type\":\"ListItem\",\"position\":1,\"name\":\"Home\",\"item\":\"https:\\\/\\\/imprexa.net\\\/it\\\/\"},{\"@type\":\"ListItem\",\"position\":2,\"name\":\"Tools\",\"item\":\"https:\\\/\\\/imprexa.net\\\/it\\\/tools\\\/\"},{\"@type\":\"ListItem\",\"position\":3,\"name\":\"Imprexa Piastre Vibranti\"}]},{\"@type\":\"WebSite\",\"@id\":\"https:\\\/\\\/imprexa.net\\\/it\\\/#website\",\"url\":\"https:\\\/\\\/imprexa.net\\\/it\\\/\",\"name\":\"Imprexa - Asfalto stampato\",\"description\":\"Makes asphalt different\",\"potentialAction\":[{\"@type\":\"SearchAction\",\"target\":{\"@type\":\"EntryPoint\",\"urlTemplate\":\"https:\\\/\\\/imprexa.net\\\/it\\\/?s={search_term_string}\"},\"query-input\":{\"@type\":\"PropertyValueSpecification\",\"valueRequired\":true,\"valueName\":\"search_term_string\"}}],\"inLanguage\":\"it-IT\"}]}<\/script>\n<!-- \/ Yoast SEO plugin. -->","yoast_head_json":{"title":"IMPREXA | Imprexa Piastre Vibranti - Piastre vibranti reversibili","description":"Piastre vibranti reversibili gamma ESA (Enanched for Stamped Asphalt)","robots":{"index":"index","follow":"follow","max-snippet":"max-snippet:-1","max-image-preview":"max-image-preview:large","max-video-preview":"max-video-preview:-1"},"canonical":"https:\/\/imprexa.net\/it\/tools\/imprexa-piastre-vibranti\/","og_locale":"it_IT","og_type":"article","og_title":"IMPREXA | Imprexa Piastre Vibranti - Piastre vibranti reversibili","og_description":"Piastre vibranti reversibili gamma ESA (Enanched for Stamped Asphalt)","og_url":"https:\/\/imprexa.net\/it\/tools\/imprexa-piastre-vibranti\/","og_site_name":"Imprexa - Asfalto stampato","article_modified_time":"2020-05-19T12:28:52+00:00","og_image":[{"width":1130,"height":400,"url":"https:\/\/imprexa.net\/wp-content\/uploads\/2015\/07\/piastre_vibranti.jpg","type":"image\/jpeg"}],"twitter_card":"summary_large_image","twitter_misc":{"Tempo di lettura stimato":"1 minuto"},"schema":{"@context":"https:\/\/schema.org","@graph":[{"@type":"WebPage","@id":"https:\/\/imprexa.net\/it\/tools\/imprexa-piastre-vibranti\/","url":"https:\/\/imprexa.net\/it\/tools\/imprexa-piastre-vibranti\/","name":"IMPREXA | Imprexa Piastre Vibranti - Piastre vibranti reversibili","isPartOf":{"@id":"https:\/\/imprexa.net\/it\/#website"},"primaryImageOfPage":{"@id":"https:\/\/imprexa.net\/it\/tools\/imprexa-piastre-vibranti\/#primaryimage"},"image":{"@id":"https:\/\/imprexa.net\/it\/tools\/imprexa-piastre-vibranti\/#primaryimage"},"thumbnailUrl":"https:\/\/imprexa.net\/wp-content\/uploads\/2015\/07\/piastre_vibranti.jpg","datePublished":"2015-07-15T07:48:13+00:00","dateModified":"2020-05-19T12:28:52+00:00","description":"Piastre vibranti reversibili gamma ESA (Enanched for Stamped Asphalt)","breadcrumb":{"@id":"https:\/\/imprexa.net\/it\/tools\/imprexa-piastre-vibranti\/#breadcrumb"},"inLanguage":"it-IT","potentialAction":[{"@type":"ReadAction","target":["https:\/\/imprexa.net\/it\/tools\/imprexa-piastre-vibranti\/"]}]},{"@type":"ImageObject","inLanguage":"it-IT","@id":"https:\/\/imprexa.net\/it\/tools\/imprexa-piastre-vibranti\/#primaryimage","url":"https:\/\/imprexa.net\/wp-content\/uploads\/2015\/07\/piastre_vibranti.jpg","contentUrl":"https:\/\/imprexa.net\/wp-content\/uploads\/2015\/07\/piastre_vibranti.jpg","width":1130,"height":400,"caption":"Imprexa Piastre Vibranti"},{"@type":"BreadcrumbList","@id":"https:\/\/imprexa.net\/it\/tools\/imprexa-piastre-vibranti\/#breadcrumb","itemListElement":[{"@type":"ListItem","position":1,"name":"Home","item":"https:\/\/imprexa.net\/it\/"},{"@type":"ListItem","position":2,"name":"Tools","item":"https:\/\/imprexa.net\/it\/tools\/"},{"@type":"ListItem","position":3,"name":"Imprexa Piastre Vibranti"}]},{"@type":"WebSite","@id":"https:\/\/imprexa.net\/it\/#website","url":"https:\/\/imprexa.net\/it\/","name":"Imprexa - Asfalto stampato","description":"Makes asphalt different","potentialAction":[{"@type":"SearchAction","target":{"@type":"EntryPoint","urlTemplate":"https:\/\/imprexa.net\/it\/?s={search_term_string}"},"query-input":{"@type":"PropertyValueSpecification","valueRequired":true,"valueName":"search_term_string"}}],"inLanguage":"it-IT"}]}},"_links":{"self":[{"href":"https:\/\/imprexa.net\/it\/wp-json\/wp\/v2\/pages\/1580","targetHints":{"allow":["GET"]}}],"collection":[{"href":"https:\/\/imprexa.net\/it\/wp-json\/wp\/v2\/pages"}],"about":[{"href":"https:\/\/imprexa.net\/it\/wp-json\/wp\/v2\/types\/page"}],"author":[{"embeddable":true,"href":"https:\/\/imprexa.net\/it\/wp-json\/wp\/v2\/users\/1"}],"replies":[{"embeddable":true,"href":"https:\/\/imprexa.net\/it\/wp-json\/wp\/v2\/comments?post=1580"}],"version-history":[{"count":0,"href":"https:\/\/imprexa.net\/it\/wp-json\/wp\/v2\/pages\/1580\/revisions"}],"up":[{"embeddable":true,"href":"https:\/\/imprexa.net\/it\/wp-json\/wp\/v2\/pages\/1621"}],"wp:featuredmedia":[{"embeddable":true,"href":"https:\/\/imprexa.net\/it\/wp-json\/wp\/v2\/media\/1606"}],"wp:attachment":[{"href":"https:\/\/imprexa.net\/it\/wp-json\/wp\/v2\/media?parent=1580"}],"curies":[{"name":"wp","href":"https:\/\/api.w.org\/{rel}","templated":true}]}}