{"id":1608,"date":"2015-07-15T11:34:05","date_gmt":"2015-07-15T09:34:05","guid":{"rendered":"http:\/\/imprexa.gasweb.it\/?page_id=1608"},"modified":"2020-06-26T11:57:11","modified_gmt":"2020-06-26T09:57:11","slug":"imprexa-matrici","status":"publish","type":"page","link":"https:\/\/imprexa.net\/it\/tools\/imprexa-matrici\/","title":{"rendered":"Imprexa Matrici"},"content":{"rendered":"<div class=\"wpb-content-wrapper\"><p>[vc_row padding_top=&#8221;0&#8243; padding_bottom=&#8221;0&#8243;][vc_column][vc_single_image image=&#8221;9523&#8243; img_size=&#8221;1130&#215;600&#8243;][vc_column_text]<\/p>\n\n        <style type='text\/css'>\n            #gallery-1 .gallery-item {\n                float: left;\n                text-align: center;\n                width: 33.333333333333%;\n                margin-bottom:0;\n            }\n            #gallery-1 img {\n            }\n            #gallery-1 .gallery-caption {\n                margin-left: 0;\n            }\n        <\/style>\n\t\t<div id='gallery-1' class='gallery  gallery-columns-3 gallery-size-medium-thumb gallery-lightbox'><dl class='gallery-item'>\n            <dt class='gallery-icon'>\n                <a href='https:\/\/imprexa.net\/wp-content\/uploads\/2015\/07\/1.jpg'><img fetchpriority=\"high\" decoding=\"async\" width=\"600\" height=\"300\" src=\"https:\/\/imprexa.net\/wp-content\/uploads\/2015\/07\/1-600x300.jpg\" class=\"attachment-medium-thumb size-medium-thumb\" alt=\"\" srcset=\"https:\/\/imprexa.net\/wp-content\/uploads\/2015\/07\/1-600x300.jpg 600w, https:\/\/imprexa.net\/wp-content\/uploads\/2015\/07\/1-400x200.jpg 400w, https:\/\/imprexa.net\/wp-content\/uploads\/2015\/07\/1-800x400.jpg 800w\" sizes=\"(max-width: 600px) 100vw, 600px\" \/><\/a>\n            <\/dt><\/dl><dl class='gallery-item'>\n            <dt class='gallery-icon'>\n                <a href='https:\/\/imprexa.net\/wp-content\/uploads\/2015\/07\/3.jpg'><img decoding=\"async\" width=\"600\" height=\"300\" src=\"https:\/\/imprexa.net\/wp-content\/uploads\/2015\/07\/3-600x300.jpg\" class=\"attachment-medium-thumb size-medium-thumb\" alt=\"\" srcset=\"https:\/\/imprexa.net\/wp-content\/uploads\/2015\/07\/3-600x300.jpg 600w, https:\/\/imprexa.net\/wp-content\/uploads\/2015\/07\/3-400x200.jpg 400w, https:\/\/imprexa.net\/wp-content\/uploads\/2015\/07\/3-800x400.jpg 800w\" sizes=\"(max-width: 600px) 100vw, 600px\" \/><\/a>\n            <\/dt><\/dl><dl class='gallery-item'>\n            <dt class='gallery-icon'>\n                <a href='https:\/\/imprexa.net\/wp-content\/uploads\/2015\/07\/2.jpg'><img decoding=\"async\" width=\"600\" height=\"300\" src=\"https:\/\/imprexa.net\/wp-content\/uploads\/2015\/07\/2-600x300.jpg\" class=\"attachment-medium-thumb size-medium-thumb\" alt=\"\" srcset=\"https:\/\/imprexa.net\/wp-content\/uploads\/2015\/07\/2-600x300.jpg 600w, https:\/\/imprexa.net\/wp-content\/uploads\/2015\/07\/2-400x200.jpg 400w, https:\/\/imprexa.net\/wp-content\/uploads\/2015\/07\/2-800x400.jpg 800w\" sizes=\"(max-width: 600px) 100vw, 600px\" \/><\/a>\n            <\/dt><\/dl><div class=\"clear\"><\/div>\n            <div class=\"clear\"><\/div>\n        <\/div>\n\n<p>[\/vc_column_text][\/vc_column][\/vc_row][vc_row][vc_column width=&#8221;1\/2&#8243;][vc_column_text]<\/p>\n<h4>LA NUOVA SOLUZIONE IN PPE<\/h4>\n<p>Abbiamo sviluppato una <strong>nuova tipologia di matrice in plastica<\/strong> per rendere meno costoso l\u2019investimento iniziale: matrici ad un costo pi\u00f9 vantaggioso, con un limite di reimpiego pi\u00f9 breve ma pi\u00f9 convenienti nell\u2019ammortamento della spesa.<br \/>\nCon la possibilit\u00e0, data la riduzione di peso, di poter lavorare in 2 soli addetti,<strong> riducendo ulteriormente i costi di imprimitura<\/strong> e rendendo il<strong> lavoro pi\u00f9 remunerativo<\/strong> per l\u2019impresa.[\/vc_column_text][vc_column_text]<strong><img loading=\"lazy\" decoding=\"async\" class=\"wp-image-1290 alignleft\" src=\"https:\/\/imprexa.net\/wp-content\/uploads\/2015\/02\/framing1.jpg\" alt=\"Framing\" width=\"223\" height=\"223\" srcset=\"https:\/\/imprexa.net\/wp-content\/uploads\/2015\/02\/framing1.jpg 253w, https:\/\/imprexa.net\/wp-content\/uploads\/2015\/02\/framing1-150x150.jpg 150w\" sizes=\"(max-width: 223px) 100vw, 223px\" \/>FINTO GIUNTO IMPREXA: <\/strong>l\u2019asfalto \u00e8 un materiale \u201cmonolitico\u201d, piatto e privo di giunti di dilatazione, un grande vantaggio tecnico che lo rende per\u00f2 esteticamente povero. Imprexa ha ideato un finto giunto stampato con l\u2019unico scopo di creare una suddivisione \u201cmaterica\u201d che separa fisicamente i diversi colori. Con questa brillante soluzione \u00e8 facile creare una alternanza di cromatismi separati da un \u201cjoint\u201d fisico.[\/vc_column_text][\/vc_column][vc_column width=&#8221;1\/2&#8243;][vc_column_text]<\/p>\n<h4>MATRICI PER ASFALTO STAMPATO STAMPROAD DI IMPREXA<\/h4>\n<p>IMPREXA propone un catalogo di matrici sviluppato sulle esigenze degli applicatori. Dal classico mattoncino, nella sua posa \u201cmezzo per intero\u201d fino alla versione a spina di pesce.<\/p>\n<p>Con la possibilit\u00e0 di <strong>realizzare\u00a0matrici speciali\u00a0personalizzate<\/strong> per semplificare il progetto di stampa. Arrivando ai cubetti di porfido, in posa lineare ed a coda di pavone con 2 diverse forme di arco.<br \/>\nUna serie di matrici per rotatorie dal raggio di ml 1,50 con multipli infiniti di ml 1,50 e attraversamenti pedonali con molteplici variet\u00e0.<br \/>\nPer concludere con le matrici per i finti giunti, l\u2019idea di IMPREXA che sta rivoluzionando il mercato della colorazione degli asfalti: quello che noi abbiamo chiamato FRAMING.[\/vc_column_text][vc_column_text][\/vc_column_text][vc_column_text]<\/p>\n<p style=\"text-align: center;\"><strong>Accedi all&#8217;area download per visualizzare il catalogo:<\/strong><\/p>\n<p>[\/vc_column_text][vc_btn title=&#8221;Scopri tutte le matrici&#8221; align=&#8221;center&#8221; link=&#8221;url:http%3A%2F%2Fimprexa.net%2Fit%2Fdownload%2F|||&#8221;][\/vc_column][\/vc_row]<\/p>\n<\/div>","protected":false},"excerpt":{"rendered":"<p>IMPREXA propone un catalogo di matrici sviluppato sulle esigenze degli applicatori italiani. Dal classico mattoncino, nella sua posa \u201cmezzo per intero\u201d e anche nella&#8230;<\/p>\n","protected":false},"author":1,"featured_media":3893,"parent":1621,"menu_order":0,"comment_status":"closed","ping_status":"closed","template":"","meta":{"ngg_post_thumbnail":0,"footnotes":""},"class_list":["post-1608","page","type-page","status-publish","has-post-thumbnail","hentry"],"yoast_head":"<!-- This site is optimized with the Yoast SEO plugin v27.5 - https:\/\/yoast.com\/product\/yoast-seo-wordpress\/ -->\n<title>IMPREXA | Imprexa Matrici Asfalto Stampato - Stampi per asfalto<\/title>\n<meta name=\"description\" content=\"La gamma di matrici per la stampa di asfalti pi\u00f9 completa ed avanzata, sia in acciaio che in plastica. Scopri tutte le matrici per asfalto stampato.\" \/>\n<meta name=\"robots\" content=\"index, follow, max-snippet:-1, max-image-preview:large, max-video-preview:-1\" \/>\n<link rel=\"canonical\" href=\"https:\/\/imprexa.net\/it\/tools\/imprexa-matrici\/\" \/>\n<meta property=\"og:locale\" content=\"it_IT\" \/>\n<meta property=\"og:type\" content=\"article\" \/>\n<meta property=\"og:title\" content=\"IMPREXA | Imprexa Matrici Asfalto Stampato - Stampi per asfalto\" \/>\n<meta property=\"og:description\" content=\"La gamma di matrici per la stampa di asfalti pi\u00f9 completa ed avanzata, sia in acciaio che in plastica. Scopri tutte le matrici per asfalto stampato.\" \/>\n<meta property=\"og:url\" content=\"https:\/\/imprexa.net\/it\/tools\/imprexa-matrici\/\" \/>\n<meta property=\"og:site_name\" content=\"Imprexa - Asfalto stampato\" \/>\n<meta property=\"article:modified_time\" content=\"2020-06-26T09:57:11+00:00\" \/>\n<meta property=\"og:image\" content=\"https:\/\/imprexa.net\/wp-content\/uploads\/2015\/07\/Progetto-senza-titolo-11.png\" \/>\n\t<meta property=\"og:image:width\" content=\"1130\" \/>\n\t<meta property=\"og:image:height\" content=\"400\" \/>\n\t<meta property=\"og:image:type\" content=\"image\/png\" \/>\n<meta name=\"twitter:card\" content=\"summary_large_image\" \/>\n<meta name=\"twitter:label1\" content=\"Tempo di lettura stimato\" \/>\n\t<meta name=\"twitter:data1\" content=\"2 minuti\" \/>\n<script type=\"application\/ld+json\" class=\"yoast-schema-graph\">{\"@context\":\"https:\\\/\\\/schema.org\",\"@graph\":[{\"@type\":\"WebPage\",\"@id\":\"https:\\\/\\\/imprexa.net\\\/it\\\/tools\\\/imprexa-matrici\\\/\",\"url\":\"https:\\\/\\\/imprexa.net\\\/it\\\/tools\\\/imprexa-matrici\\\/\",\"name\":\"IMPREXA | Imprexa Matrici Asfalto Stampato - Stampi per asfalto\",\"isPartOf\":{\"@id\":\"https:\\\/\\\/imprexa.net\\\/it\\\/#website\"},\"primaryImageOfPage\":{\"@id\":\"https:\\\/\\\/imprexa.net\\\/it\\\/tools\\\/imprexa-matrici\\\/#primaryimage\"},\"image\":{\"@id\":\"https:\\\/\\\/imprexa.net\\\/it\\\/tools\\\/imprexa-matrici\\\/#primaryimage\"},\"thumbnailUrl\":\"https:\\\/\\\/imprexa.net\\\/wp-content\\\/uploads\\\/2015\\\/07\\\/Progetto-senza-titolo-11.png\",\"datePublished\":\"2015-07-15T09:34:05+00:00\",\"dateModified\":\"2020-06-26T09:57:11+00:00\",\"description\":\"La gamma di matrici per la stampa di asfalti pi\u00f9 completa ed avanzata, sia in acciaio che in plastica. Scopri tutte le matrici per asfalto stampato.\",\"breadcrumb\":{\"@id\":\"https:\\\/\\\/imprexa.net\\\/it\\\/tools\\\/imprexa-matrici\\\/#breadcrumb\"},\"inLanguage\":\"it-IT\",\"potentialAction\":[{\"@type\":\"ReadAction\",\"target\":[\"https:\\\/\\\/imprexa.net\\\/it\\\/tools\\\/imprexa-matrici\\\/\"]}]},{\"@type\":\"ImageObject\",\"inLanguage\":\"it-IT\",\"@id\":\"https:\\\/\\\/imprexa.net\\\/it\\\/tools\\\/imprexa-matrici\\\/#primaryimage\",\"url\":\"https:\\\/\\\/imprexa.net\\\/wp-content\\\/uploads\\\/2015\\\/07\\\/Progetto-senza-titolo-11.png\",\"contentUrl\":\"https:\\\/\\\/imprexa.net\\\/wp-content\\\/uploads\\\/2015\\\/07\\\/Progetto-senza-titolo-11.png\",\"width\":1130,\"height\":400,\"caption\":\"Matrici Asfalto Stampato\"},{\"@type\":\"BreadcrumbList\",\"@id\":\"https:\\\/\\\/imprexa.net\\\/it\\\/tools\\\/imprexa-matrici\\\/#breadcrumb\",\"itemListElement\":[{\"@type\":\"ListItem\",\"position\":1,\"name\":\"Home\",\"item\":\"https:\\\/\\\/imprexa.net\\\/it\\\/\"},{\"@type\":\"ListItem\",\"position\":2,\"name\":\"Tools\",\"item\":\"https:\\\/\\\/imprexa.net\\\/it\\\/tools\\\/\"},{\"@type\":\"ListItem\",\"position\":3,\"name\":\"Imprexa Matrici\"}]},{\"@type\":\"WebSite\",\"@id\":\"https:\\\/\\\/imprexa.net\\\/it\\\/#website\",\"url\":\"https:\\\/\\\/imprexa.net\\\/it\\\/\",\"name\":\"Imprexa - Asfalto stampato\",\"description\":\"Makes asphalt different\",\"potentialAction\":[{\"@type\":\"SearchAction\",\"target\":{\"@type\":\"EntryPoint\",\"urlTemplate\":\"https:\\\/\\\/imprexa.net\\\/it\\\/?s={search_term_string}\"},\"query-input\":{\"@type\":\"PropertyValueSpecification\",\"valueRequired\":true,\"valueName\":\"search_term_string\"}}],\"inLanguage\":\"it-IT\"}]}<\/script>\n<!-- \/ Yoast SEO plugin. -->","yoast_head_json":{"title":"IMPREXA | Imprexa Matrici Asfalto Stampato - Stampi per asfalto","description":"La gamma di matrici per la stampa di asfalti pi\u00f9 completa ed avanzata, sia in acciaio che in plastica. Scopri tutte le matrici per asfalto stampato.","robots":{"index":"index","follow":"follow","max-snippet":"max-snippet:-1","max-image-preview":"max-image-preview:large","max-video-preview":"max-video-preview:-1"},"canonical":"https:\/\/imprexa.net\/it\/tools\/imprexa-matrici\/","og_locale":"it_IT","og_type":"article","og_title":"IMPREXA | Imprexa Matrici Asfalto Stampato - Stampi per asfalto","og_description":"La gamma di matrici per la stampa di asfalti pi\u00f9 completa ed avanzata, sia in acciaio che in plastica. Scopri tutte le matrici per asfalto stampato.","og_url":"https:\/\/imprexa.net\/it\/tools\/imprexa-matrici\/","og_site_name":"Imprexa - Asfalto stampato","article_modified_time":"2020-06-26T09:57:11+00:00","og_image":[{"width":1130,"height":400,"url":"https:\/\/imprexa.net\/wp-content\/uploads\/2015\/07\/Progetto-senza-titolo-11.png","type":"image\/png"}],"twitter_card":"summary_large_image","twitter_misc":{"Tempo di lettura stimato":"2 minuti"},"schema":{"@context":"https:\/\/schema.org","@graph":[{"@type":"WebPage","@id":"https:\/\/imprexa.net\/it\/tools\/imprexa-matrici\/","url":"https:\/\/imprexa.net\/it\/tools\/imprexa-matrici\/","name":"IMPREXA | Imprexa Matrici Asfalto Stampato - Stampi per asfalto","isPartOf":{"@id":"https:\/\/imprexa.net\/it\/#website"},"primaryImageOfPage":{"@id":"https:\/\/imprexa.net\/it\/tools\/imprexa-matrici\/#primaryimage"},"image":{"@id":"https:\/\/imprexa.net\/it\/tools\/imprexa-matrici\/#primaryimage"},"thumbnailUrl":"https:\/\/imprexa.net\/wp-content\/uploads\/2015\/07\/Progetto-senza-titolo-11.png","datePublished":"2015-07-15T09:34:05+00:00","dateModified":"2020-06-26T09:57:11+00:00","description":"La gamma di matrici per la stampa di asfalti pi\u00f9 completa ed avanzata, sia in acciaio che in plastica. Scopri tutte le matrici per asfalto stampato.","breadcrumb":{"@id":"https:\/\/imprexa.net\/it\/tools\/imprexa-matrici\/#breadcrumb"},"inLanguage":"it-IT","potentialAction":[{"@type":"ReadAction","target":["https:\/\/imprexa.net\/it\/tools\/imprexa-matrici\/"]}]},{"@type":"ImageObject","inLanguage":"it-IT","@id":"https:\/\/imprexa.net\/it\/tools\/imprexa-matrici\/#primaryimage","url":"https:\/\/imprexa.net\/wp-content\/uploads\/2015\/07\/Progetto-senza-titolo-11.png","contentUrl":"https:\/\/imprexa.net\/wp-content\/uploads\/2015\/07\/Progetto-senza-titolo-11.png","width":1130,"height":400,"caption":"Matrici Asfalto Stampato"},{"@type":"BreadcrumbList","@id":"https:\/\/imprexa.net\/it\/tools\/imprexa-matrici\/#breadcrumb","itemListElement":[{"@type":"ListItem","position":1,"name":"Home","item":"https:\/\/imprexa.net\/it\/"},{"@type":"ListItem","position":2,"name":"Tools","item":"https:\/\/imprexa.net\/it\/tools\/"},{"@type":"ListItem","position":3,"name":"Imprexa Matrici"}]},{"@type":"WebSite","@id":"https:\/\/imprexa.net\/it\/#website","url":"https:\/\/imprexa.net\/it\/","name":"Imprexa - Asfalto stampato","description":"Makes asphalt different","potentialAction":[{"@type":"SearchAction","target":{"@type":"EntryPoint","urlTemplate":"https:\/\/imprexa.net\/it\/?s={search_term_string}"},"query-input":{"@type":"PropertyValueSpecification","valueRequired":true,"valueName":"search_term_string"}}],"inLanguage":"it-IT"}]}},"_links":{"self":[{"href":"https:\/\/imprexa.net\/it\/wp-json\/wp\/v2\/pages\/1608","targetHints":{"allow":["GET"]}}],"collection":[{"href":"https:\/\/imprexa.net\/it\/wp-json\/wp\/v2\/pages"}],"about":[{"href":"https:\/\/imprexa.net\/it\/wp-json\/wp\/v2\/types\/page"}],"author":[{"embeddable":true,"href":"https:\/\/imprexa.net\/it\/wp-json\/wp\/v2\/users\/1"}],"replies":[{"embeddable":true,"href":"https:\/\/imprexa.net\/it\/wp-json\/wp\/v2\/comments?post=1608"}],"version-history":[{"count":0,"href":"https:\/\/imprexa.net\/it\/wp-json\/wp\/v2\/pages\/1608\/revisions"}],"up":[{"embeddable":true,"href":"https:\/\/imprexa.net\/it\/wp-json\/wp\/v2\/pages\/1621"}],"wp:featuredmedia":[{"embeddable":true,"href":"https:\/\/imprexa.net\/it\/wp-json\/wp\/v2\/media\/3893"}],"wp:attachment":[{"href":"https:\/\/imprexa.net\/it\/wp-json\/wp\/v2\/media?parent=1608"}],"curies":[{"name":"wp","href":"https:\/\/api.w.org\/{rel}","templated":true}]}}