{"id":2315,"date":"2016-12-20T14:52:12","date_gmt":"2016-12-20T13:52:12","guid":{"rendered":"http:\/\/imprexa.net\/it\/?page_id=2315"},"modified":"2019-07-30T14:24:49","modified_gmt":"2019-07-30T12:24:49","slug":"condizioni-duso","status":"publish","type":"page","link":"https:\/\/imprexa.net\/it\/condizioni-duso\/","title":{"rendered":"Condizioni d&#8217;uso"},"content":{"rendered":"<div class=\"wpb-content-wrapper\"><p>[vc_row row_type=&#8221;row_full_center_content&#8221; row_meta_color=&#8221;&#8221; bg_position=&#8221;left top&#8221; bg_repeat=&#8221;no-repeat&#8221; row_parallax=&#8221;&#8221; row_video_bg=&#8221;&#8221; row_text_color=&#8221;row_text_select&#8221; border_style=&#8221;solid&#8221;][vc_column width=&#8221;1\/1&#8243;][vc_column_text]<strong>AVVISO IMPORTANTE:<\/strong><br \/>\nPer la registrazione e la conseguente possibilit\u00e0 di utilizzare i servizi offerti sul sito Imprexa \u00e8 necessario che l\u2019utente accetti le seguenti Condizioni generali per l\u2019uso del sito e che fornisca il proprio consenso relativamente al trattamento dei suoi dati personali dopo avere preso visione della informativa ai sensi del D.lgs 196\/2003.<br \/>\n<strong><br \/>\nCONDIZIONI GENERALI PER L\u2019USO DEL SITO<\/strong><\/p>\n<p><strong>1. Propriet\u00e0, Contenuto del Sito, Copyright e Marchi Registrati<\/strong><\/p>\n<p>Il sito e tutti i suoi contenuti, quali marchi, logo, icone, testi, ecc., sono di esclusiva propriet\u00e0 di Imprexa, (qui di seguito \u201cSociet\u00e0\u201d) o dei terzi che forniscono servizi alla Societ\u00e0. Essi sono protetti dalle leggi italiane e internazionali sul diritto di autore. Il software utilizzato nel sito \u00e8 di propriet\u00e0 della societ\u00e0 ed \u00e8 protetto dalle leggi internazionali sul diritto di autore. Il sito Imprexa e tutti suoi contenuti non potranno essere, neanche parzialmente, riprodotti, distribuiti, venduti, trasferiti o modificati.Imprexa e i nomi di prodotti, servizi, grafici e logo Imprexa sono marchi registrati dalla Societ\u00e0. Altri prodotti, servizi, nomi di societ\u00e0 citati potrebbero essere marchi registrati dei rispettivi proprietari.<\/p>\n<p>Il sito Imprexa potrebbe contenere link a siti non gestiti dalla Societ\u00e0, i quali sono forniti come semplice riferimento e per il cui contenuto la Societ\u00e0 non pu\u00f2 essere ritenuta responsabile. La Societ\u00e0 non fornisce alcuna garanzia e declina qualsiasi responsabilit\u00e0 in relazione ai medesimi. Nel caso in cui l\u2019utente decida di consultarli lo fa a proprio rischio.<\/p>\n<p><strong>2. Uso del sito Imprexa<\/strong><\/p>\n<p>Il sito Imprexa non potr\u00e0 essere utilizzato in alcun modo per l\u2019invio di materiale pornografico, o che in ogni caso offenda il senso del comune pudore, o, pi\u00f9 in generale, per finalit\u00e0 illecite.E\u2019 vietata la riproduzione, la modifica, la duplicazione, la copia, la distribuzione, la vendita o comunque lo sfruttamento del sito per scopi commerciali. E\u2019 ammessa la possibilit\u00e0 di scaricare o stampare una copia dei materiali contenuti nel sito per uso personale e scopi non speculativi. L\u2019uso non autorizzato del sito e del materiale contenuto nel medesimo costituisce violazione delle leggi applicabili sulla propriet\u00e0 intellettuale. L\u2019utente si impegna a conservare tutte le indicazioni sui marchi e il diritto di autore contenute sui materiali scaricati o copiati. L\u2019uso di questi materiali su qualsiasi altro sito web \u00e8 vietato<\/p>\n<p><strong>3. Et\u00e0 e responsabilit\u00e0 dell\u2019utente<\/strong><\/p>\n<p>L\u2019utente deve essere maggiorenne e dotato della capacit\u00e0 d\u2019agire, necessaria per utilizzare il presente sito accettando le presenti Condizioni Generali e per assumersi ogni eventuale responsabilit\u00e0 derivante dall\u2019uso del sito. L\u2019utente che si registra \u00e8 obbligato ad indicare esclusivamente i propri dati personali e garantisce che essi siano veritieri, corretti e aggiornati. L\u2019utente prende atto di essere responsabile per qualsiasi uso del sito da parte sua o di chi utilizzi i suoi dati personali.<\/p>\n<p><strong>4. Esclusione di Garanzia<\/strong><\/p>\n<p>Il sito Imprexa \u00e8 fornito dalla Societ\u00e0 \u201ccos\u00ec come \u00e8\u201d. La Societ\u00e0 e i suoi fornitori non rilasciano alcuna garanzia circa l\u2019operativit\u00e0 del sito, l\u2019accuratezza, la completezza, la affidabilit\u00e0 delle informazioni, dei materiali e dei prodotti ivi contenuti. Per quanto consentito dalle leggi applicabili, la Societ\u00e0 non rilascia alcuna garanzia implicita o esplicita di commerciabilit\u00e0 e di idoneit\u00e0 ad uno scopo particolare.<\/p>\n<p><strong>5. Limitazione di Responsabilit\u00e0<\/strong><\/p>\n<p>La Societ\u00e0 non sar\u00e0 responsabile per i danni di qualsiasi genere conseguenti all\u2019utilizzo del sito, compresi i danni diretti, indiretti, incidentali e consequenziali.<\/p>\n<p><strong>6. Legge Regolatrice<\/strong><\/p>\n<p>Alle presenti Condizioni Generali \u00e8 applicabile la legge italiana.<\/p>\n<p><strong>7. Modifiche alle Condizioni Generali<\/strong><\/p>\n<p>La Societ\u00e0 si riserva il diritto di modificare il sito e le presenti Condizioni Generali in qualsiasi momento. Delle modifiche verr\u00e0 data comunicazione nel sito Imprexa, e, fermo restando il diritto di recesso dell\u2019utente, questi continuer\u00e0 ad usare il sito secondo la versione modificata delle Condizioni Generali.<\/p>\n<p><strong>8. Condizioni Ulteriori<\/strong><\/p>\n<p>Ulteriori termini e condizioni diversi dalle presenti potranno applicarsi alla vendita di beni e servizi o all\u2019uso di altre parti del sito: l\u2019utente dichiara sin da ora di conformarsi a tali altri termini e condizioni.[\/vc_column_text][\/vc_column][\/vc_row]<\/p>\n<\/div>","protected":false},"excerpt":{"rendered":"<p>[vc_row row_type=&#8221;row_full_center_content&#8221; row_meta_color=&#8221;&#8221; bg_position=&#8221;left top&#8221; bg_repeat=&#8221;no-repeat&#8221; row_parallax=&#8221;&#8221; row_video_bg=&#8221;&#8221; row_text_color=&#8221;row_text_select&#8221; border_style=&#8221;solid&#8221;][vc_column width=&#8221;1\/1&#8243;][vc_column_text]AVVISO IMPORTANTE: Per la registrazione e la conseguente possibilit\u00e0 di utilizzare &#8230;<\/p>\n","protected":false},"author":1,"featured_media":0,"parent":0,"menu_order":0,"comment_status":"closed","ping_status":"closed","template":"","meta":{"ngg_post_thumbnail":0,"footnotes":""},"class_list":["post-2315","page","type-page","status-publish","hentry"],"yoast_head":"<!-- This site is optimized with the Yoast SEO plugin v27.5 - https:\/\/yoast.com\/product\/yoast-seo-wordpress\/ -->\n<title>Condizioni d&#039;uso - Imprexa - Asfalto stampato<\/title>\n<meta name=\"robots\" content=\"index, follow, max-snippet:-1, max-image-preview:large, max-video-preview:-1\" \/>\n<link rel=\"canonical\" href=\"https:\/\/imprexa.net\/it\/condizioni-duso\/\" \/>\n<meta property=\"og:locale\" content=\"it_IT\" \/>\n<meta property=\"og:type\" content=\"article\" \/>\n<meta property=\"og:title\" content=\"Condizioni d&#039;uso - Imprexa - Asfalto stampato\" \/>\n<meta property=\"og:description\" content=\"[vc_row row_type=&#8221;row_full_center_content&#8221; row_meta_color=&#8221;&#8221; bg_position=&#8221;left top&#8221; bg_repeat=&#8221;no-repeat&#8221; row_parallax=&#8221;&#8221; row_video_bg=&#8221;&#8221; row_text_color=&#8221;row_text_select&#8221; border_style=&#8221;solid&#8221;][vc_column width=&#8221;1\/1&#8243;][vc_column_text]AVVISO IMPORTANTE: Per la registrazione e la conseguente possibilit\u00e0 di utilizzare ...\" \/>\n<meta property=\"og:url\" content=\"https:\/\/imprexa.net\/it\/condizioni-duso\/\" \/>\n<meta property=\"og:site_name\" content=\"Imprexa - Asfalto stampato\" \/>\n<meta property=\"article:modified_time\" content=\"2019-07-30T12:24:49+00:00\" \/>\n<meta name=\"twitter:card\" content=\"summary_large_image\" \/>\n<meta name=\"twitter:label1\" content=\"Tempo di lettura stimato\" \/>\n\t<meta name=\"twitter:data1\" content=\"3 minuti\" \/>\n<script type=\"application\/ld+json\" class=\"yoast-schema-graph\">{\"@context\":\"https:\\\/\\\/schema.org\",\"@graph\":[{\"@type\":\"WebPage\",\"@id\":\"https:\\\/\\\/imprexa.net\\\/it\\\/condizioni-duso\\\/\",\"url\":\"https:\\\/\\\/imprexa.net\\\/it\\\/condizioni-duso\\\/\",\"name\":\"Condizioni d'uso - Imprexa - Asfalto stampato\",\"isPartOf\":{\"@id\":\"https:\\\/\\\/imprexa.net\\\/it\\\/#website\"},\"datePublished\":\"2016-12-20T13:52:12+00:00\",\"dateModified\":\"2019-07-30T12:24:49+00:00\",\"breadcrumb\":{\"@id\":\"https:\\\/\\\/imprexa.net\\\/it\\\/condizioni-duso\\\/#breadcrumb\"},\"inLanguage\":\"it-IT\",\"potentialAction\":[{\"@type\":\"ReadAction\",\"target\":[\"https:\\\/\\\/imprexa.net\\\/it\\\/condizioni-duso\\\/\"]}]},{\"@type\":\"BreadcrumbList\",\"@id\":\"https:\\\/\\\/imprexa.net\\\/it\\\/condizioni-duso\\\/#breadcrumb\",\"itemListElement\":[{\"@type\":\"ListItem\",\"position\":1,\"name\":\"Home\",\"item\":\"https:\\\/\\\/imprexa.net\\\/it\\\/\"},{\"@type\":\"ListItem\",\"position\":2,\"name\":\"Condizioni d&#8217;uso\"}]},{\"@type\":\"WebSite\",\"@id\":\"https:\\\/\\\/imprexa.net\\\/it\\\/#website\",\"url\":\"https:\\\/\\\/imprexa.net\\\/it\\\/\",\"name\":\"Imprexa - Asfalto stampato\",\"description\":\"Makes asphalt different\",\"potentialAction\":[{\"@type\":\"SearchAction\",\"target\":{\"@type\":\"EntryPoint\",\"urlTemplate\":\"https:\\\/\\\/imprexa.net\\\/it\\\/?s={search_term_string}\"},\"query-input\":{\"@type\":\"PropertyValueSpecification\",\"valueRequired\":true,\"valueName\":\"search_term_string\"}}],\"inLanguage\":\"it-IT\"}]}<\/script>\n<!-- \/ Yoast SEO plugin. -->","yoast_head_json":{"title":"Condizioni d'uso - Imprexa - Asfalto stampato","robots":{"index":"index","follow":"follow","max-snippet":"max-snippet:-1","max-image-preview":"max-image-preview:large","max-video-preview":"max-video-preview:-1"},"canonical":"https:\/\/imprexa.net\/it\/condizioni-duso\/","og_locale":"it_IT","og_type":"article","og_title":"Condizioni d'uso - Imprexa - Asfalto stampato","og_description":"[vc_row row_type=&#8221;row_full_center_content&#8221; row_meta_color=&#8221;&#8221; bg_position=&#8221;left top&#8221; bg_repeat=&#8221;no-repeat&#8221; row_parallax=&#8221;&#8221; row_video_bg=&#8221;&#8221; row_text_color=&#8221;row_text_select&#8221; border_style=&#8221;solid&#8221;][vc_column width=&#8221;1\/1&#8243;][vc_column_text]AVVISO IMPORTANTE: Per la registrazione e la conseguente possibilit\u00e0 di utilizzare ...","og_url":"https:\/\/imprexa.net\/it\/condizioni-duso\/","og_site_name":"Imprexa - Asfalto stampato","article_modified_time":"2019-07-30T12:24:49+00:00","twitter_card":"summary_large_image","twitter_misc":{"Tempo di lettura stimato":"3 minuti"},"schema":{"@context":"https:\/\/schema.org","@graph":[{"@type":"WebPage","@id":"https:\/\/imprexa.net\/it\/condizioni-duso\/","url":"https:\/\/imprexa.net\/it\/condizioni-duso\/","name":"Condizioni d'uso - Imprexa - Asfalto stampato","isPartOf":{"@id":"https:\/\/imprexa.net\/it\/#website"},"datePublished":"2016-12-20T13:52:12+00:00","dateModified":"2019-07-30T12:24:49+00:00","breadcrumb":{"@id":"https:\/\/imprexa.net\/it\/condizioni-duso\/#breadcrumb"},"inLanguage":"it-IT","potentialAction":[{"@type":"ReadAction","target":["https:\/\/imprexa.net\/it\/condizioni-duso\/"]}]},{"@type":"BreadcrumbList","@id":"https:\/\/imprexa.net\/it\/condizioni-duso\/#breadcrumb","itemListElement":[{"@type":"ListItem","position":1,"name":"Home","item":"https:\/\/imprexa.net\/it\/"},{"@type":"ListItem","position":2,"name":"Condizioni d&#8217;uso"}]},{"@type":"WebSite","@id":"https:\/\/imprexa.net\/it\/#website","url":"https:\/\/imprexa.net\/it\/","name":"Imprexa - Asfalto stampato","description":"Makes asphalt different","potentialAction":[{"@type":"SearchAction","target":{"@type":"EntryPoint","urlTemplate":"https:\/\/imprexa.net\/it\/?s={search_term_string}"},"query-input":{"@type":"PropertyValueSpecification","valueRequired":true,"valueName":"search_term_string"}}],"inLanguage":"it-IT"}]}},"_links":{"self":[{"href":"https:\/\/imprexa.net\/it\/wp-json\/wp\/v2\/pages\/2315","targetHints":{"allow":["GET"]}}],"collection":[{"href":"https:\/\/imprexa.net\/it\/wp-json\/wp\/v2\/pages"}],"about":[{"href":"https:\/\/imprexa.net\/it\/wp-json\/wp\/v2\/types\/page"}],"author":[{"embeddable":true,"href":"https:\/\/imprexa.net\/it\/wp-json\/wp\/v2\/users\/1"}],"replies":[{"embeddable":true,"href":"https:\/\/imprexa.net\/it\/wp-json\/wp\/v2\/comments?post=2315"}],"version-history":[{"count":0,"href":"https:\/\/imprexa.net\/it\/wp-json\/wp\/v2\/pages\/2315\/revisions"}],"wp:attachment":[{"href":"https:\/\/imprexa.net\/it\/wp-json\/wp\/v2\/media?parent=2315"}],"curies":[{"name":"wp","href":"https:\/\/api.w.org\/{rel}","templated":true}]}}